{"id":12,"date":"2018-12-29T23:18:08","date_gmt":"2018-12-29T23:18:08","guid":{"rendered":"http:\/\/nedf.jeknowledge.pt\/?page_id=12"},"modified":"2026-03-03T22:00:01","modified_gmt":"2026-03-03T22:00:01","slug":"home","status":"publish","type":"page","link":"https:\/\/nedf.pt\/","title":{"rendered":"Home"},"content":{"rendered":"\t\t<div data-elementor-type=\"wp-post\" data-elementor-id=\"12\" class=\"elementor elementor-12\" data-elementor-post-type=\"page\">\n\t\t\t\t\t\t<section class=\"elementor-section elementor-top-section elementor-element elementor-element-9330425 elementor-section-boxed elementor-section-height-default elementor-section-height-default\" data-id=\"9330425\" data-element_type=\"section\" data-e-type=\"section\" data-settings=\"{&quot;background_background&quot;:&quot;gradient&quot;}\">\n\t\t\t\t\t\t\t<div class=\"elementor-background-overlay\"><\/div>\n\t\t\t\t\t\t\t<div class=\"elementor-container elementor-column-gap-default\">\n\t\t\t\t\t<div class=\"elementor-column elementor-col-33 elementor-top-column elementor-element elementor-element-315fb04\" data-id=\"315fb04\" data-element_type=\"column\" data-e-type=\"column\">\n\t\t\t<div class=\"elementor-widget-wrap\">\n\t\t\t\t\t\t\t<\/div>\n\t\t<\/div>\n\t\t\t\t<div class=\"elementor-column elementor-col-33 elementor-top-column elementor-element elementor-element-ac9adad\" data-id=\"ac9adad\" data-element_type=\"column\" data-e-type=\"column\">\n\t\t\t<div class=\"elementor-widget-wrap\">\n\t\t\t\t\t\t\t<\/div>\n\t\t<\/div>\n\t\t\t\t<div class=\"elementor-column elementor-col-33 elementor-top-column elementor-element elementor-element-0189c2d\" data-id=\"0189c2d\" data-element_type=\"column\" data-e-type=\"column\">\n\t\t\t<div class=\"elementor-widget-wrap\">\n\t\t\t\t\t\t\t<\/div>\n\t\t<\/div>\n\t\t\t\t\t<\/div>\n\t\t<\/section>\n\t\t\t\t<section class=\"elementor-section elementor-top-section elementor-element elementor-element-7c6b2c3 elementor-section-boxed elementor-section-height-default elementor-section-height-default\" data-id=\"7c6b2c3\" data-element_type=\"section\" data-e-type=\"section\">\n\t\t\t\t\t\t<div class=\"elementor-container elementor-column-gap-default\">\n\t\t\t\t\t<div class=\"elementor-column elementor-col-100 elementor-top-column elementor-element elementor-element-5c09c90\" data-id=\"5c09c90\" data-element_type=\"column\" data-e-type=\"column\">\n\t\t\t<div class=\"elementor-widget-wrap elementor-element-populated\">\n\t\t\t\t\t\t<div class=\"elementor-element elementor-element-380323f elementor-widget elementor-widget-spacer\" data-id=\"380323f\" data-element_type=\"widget\" data-e-type=\"widget\" data-widget_type=\"spacer.default\">\n\t\t\t\t<div class=\"elementor-widget-container\">\n\t\t\t\t\t\t\t<div class=\"elementor-spacer\">\n\t\t\t<div class=\"elementor-spacer-inner\"><\/div>\n\t\t<\/div>\n\t\t\t\t\t\t<\/div>\n\t\t\t\t<\/div>\n\t\t\t\t<div class=\"elementor-element elementor-element-77a579f elementor-widget elementor-widget-heading\" data-id=\"77a579f\" data-element_type=\"widget\" data-e-type=\"widget\" data-widget_type=\"heading.default\">\n\t\t\t\t<div class=\"elementor-widget-container\">\n\t\t\t\t\t<h2 class=\"elementor-heading-title elementor-size-default\">O que \u00e9 o NEDF\/AAC?<\/h2>\t\t\t\t<\/div>\n\t\t\t\t<\/div>\n\t\t\t\t<section class=\"elementor-section elementor-inner-section elementor-element elementor-element-0454e34 elementor-section-boxed elementor-section-height-default elementor-section-height-default\" data-id=\"0454e34\" data-element_type=\"section\" data-e-type=\"section\">\n\t\t\t\t\t\t<div class=\"elementor-container elementor-column-gap-default\">\n\t\t\t\t\t<div class=\"elementor-column elementor-col-50 elementor-inner-column elementor-element elementor-element-857813e\" data-id=\"857813e\" data-element_type=\"column\" data-e-type=\"column\">\n\t\t\t<div class=\"elementor-widget-wrap elementor-element-populated\">\n\t\t\t\t\t\t<div class=\"elementor-element elementor-element-92dcdb7 elementor-widget elementor-widget-text-editor\" data-id=\"92dcdb7\" data-element_type=\"widget\" data-e-type=\"widget\" data-widget_type=\"text-editor.default\">\n\t\t\t\t<div class=\"elementor-widget-container\">\n\t\t\t\t\t\t\t\t\t<p data-start=\"129\" data-end=\"334\">O N\u00facleo de Estudantes do Departamento de F\u00edsica da Associa\u00e7\u00e3o Acad\u00e9mica de Coimbra \u00e9 muito mais do que um \u00f3rg\u00e3o representativo: \u00e9 a voz, a for\u00e7a e a uni\u00e3o de todos os estudantes do Departamento de F\u00edsica.<\/p><p style=\"text-align: left;\" data-start=\"129\" data-end=\"334\"><span style=\"text-align: center;\">Enquanto um dos 26 N\u00facleos da Associa\u00e7\u00e3o Acad\u00e9mica de Coimbra, o NEDF\/AAC assume um papel ativo na defesa dos interesses dos estudantes, promovendo iniciativas que unem o percurso acad\u00e9mico, cient\u00edfico e cultural.<\/span><\/p><p style=\"text-align: left;\" data-start=\"129\" data-end=\"334\"><span style=\"text-align: center;\">A nossa equipa \u00e9 composta por mais de 100 estudantes: 5 membros no Executivo, 6 na Mesa do Plen\u00e1rio, 19 coordenadores de Pelouros e dezenas de colaboradores dedicados, que juntos fazem esta estrutura crescer.<\/span><\/p><p style=\"text-align: left;\" data-start=\"129\" data-end=\"334\"><span style=\"text-align: center;\">Mais do que um n\u00famero, somos uma fam\u00edlia com um prop\u00f3sito comum: <\/span><strong style=\"text-align: center;\" data-start=\"826\" data-end=\"878\">fazer desta Casa um lugar melhor, todos os dias.<\/strong><\/p>\t\t\t\t\t\t\t\t<\/div>\n\t\t\t\t<\/div>\n\t\t\t\t\t<\/div>\n\t\t<\/div>\n\t\t\t\t<div class=\"elementor-column elementor-col-50 elementor-inner-column elementor-element elementor-element-7a92352\" data-id=\"7a92352\" data-element_type=\"column\" data-e-type=\"column\">\n\t\t\t<div class=\"elementor-widget-wrap elementor-element-populated\">\n\t\t\t\t\t\t<div class=\"elementor-element elementor-element-2c9b889 elementor-widget__width-initial elementor-widget elementor-widget-image\" data-id=\"2c9b889\" data-element_type=\"widget\" data-e-type=\"widget\" data-widget_type=\"image.default\">\n\t\t\t\t<div class=\"elementor-widget-container\">\n\t\t\t\t\t\t\t\t\t\t\t\t<figure class=\"wp-caption\">\n\t\t\t\t\t\t\t\t\t\t<img fetchpriority=\"high\" decoding=\"async\" width=\"2560\" height=\"1575\" src=\"https:\/\/nedf.pt\/wp-content\/uploads\/2025\/07\/tomadadeposse-151-1-scaled.jpg\" class=\"attachment-full size-full wp-image-1834\" alt=\"\" srcset=\"https:\/\/nedf.pt\/wp-content\/uploads\/2025\/07\/tomadadeposse-151-1-scaled.jpg 2560w, https:\/\/nedf.pt\/wp-content\/uploads\/2025\/07\/tomadadeposse-151-1-300x185.jpg 300w, https:\/\/nedf.pt\/wp-content\/uploads\/2025\/07\/tomadadeposse-151-1-1024x630.jpg 1024w, https:\/\/nedf.pt\/wp-content\/uploads\/2025\/07\/tomadadeposse-151-1-768x473.jpg 768w, https:\/\/nedf.pt\/wp-content\/uploads\/2025\/07\/tomadadeposse-151-1-1536x945.jpg 1536w, https:\/\/nedf.pt\/wp-content\/uploads\/2025\/07\/tomadadeposse-151-1-2048x1260.jpg 2048w, https:\/\/nedf.pt\/wp-content\/uploads\/2025\/07\/tomadadeposse-151-1-1000x615.jpg 1000w, https:\/\/nedf.pt\/wp-content\/uploads\/2025\/07\/tomadadeposse-151-1-230x142.jpg 230w, https:\/\/nedf.pt\/wp-content\/uploads\/2025\/07\/tomadadeposse-151-1-350x215.jpg 350w, https:\/\/nedf.pt\/wp-content\/uploads\/2025\/07\/tomadadeposse-151-1-480x295.jpg 480w\" sizes=\"(max-width: 2560px) 100vw, 2560px\" \/>\t\t\t\t\t\t\t\t\t\t\t<figcaption class=\"widget-image-caption wp-caption-text\">Org\u00e3os Gerentes do NEDF\/AAC para o Mandato 2025\/2026<\/figcaption>\n\t\t\t\t\t\t\t\t\t\t<\/figure>\n\t\t\t\t\t\t\t\t\t<\/div>\n\t\t\t\t<\/div>\n\t\t\t\t\t<\/div>\n\t\t<\/div>\n\t\t\t\t\t<\/div>\n\t\t<\/section>\n\t\t\t\t<div class=\"elementor-element elementor-element-04a60e1 elementor-widget elementor-widget-spacer\" data-id=\"04a60e1\" data-element_type=\"widget\" data-e-type=\"widget\" data-widget_type=\"spacer.default\">\n\t\t\t\t<div class=\"elementor-widget-container\">\n\t\t\t\t\t\t\t<div class=\"elementor-spacer\">\n\t\t\t<div class=\"elementor-spacer-inner\"><\/div>\n\t\t<\/div>\n\t\t\t\t\t\t<\/div>\n\t\t\t\t<\/div>\n\t\t\t\t<div class=\"elementor-element elementor-element-1895c68 elementor-widget elementor-widget-heading\" data-id=\"1895c68\" data-element_type=\"widget\" data-e-type=\"widget\" data-widget_type=\"heading.default\">\n\t\t\t\t<div class=\"elementor-widget-container\">\n\t\t\t\t\t<h2 class=\"elementor-heading-title elementor-size-default\">Como me posso envolver?<\/h2>\t\t\t\t<\/div>\n\t\t\t\t<\/div>\n\t\t\t\t<section class=\"elementor-section elementor-inner-section elementor-element elementor-element-3077e13 elementor-section-boxed elementor-section-height-default elementor-section-height-default\" data-id=\"3077e13\" data-element_type=\"section\" data-e-type=\"section\">\n\t\t\t\t\t\t<div class=\"elementor-container elementor-column-gap-default\">\n\t\t\t\t\t<div class=\"elementor-column elementor-col-50 elementor-inner-column elementor-element elementor-element-4fcec8f\" data-id=\"4fcec8f\" data-element_type=\"column\" data-e-type=\"column\">\n\t\t\t<div class=\"elementor-widget-wrap elementor-element-populated\">\n\t\t\t\t\t\t<div class=\"elementor-element elementor-element-77926fa elementor-widget__width-initial elementor-widget elementor-widget-image\" data-id=\"77926fa\" data-element_type=\"widget\" data-e-type=\"widget\" data-widget_type=\"image.default\">\n\t\t\t\t<div class=\"elementor-widget-container\">\n\t\t\t\t\t\t\t\t\t\t\t\t\t\t\t<img decoding=\"async\" width=\"550\" height=\"400\" src=\"https:\/\/nedf.pt\/wp-content\/uploads\/2024\/06\/IMG_0956-550x400.jpeg\" class=\"attachment-sydney-medium-thumb size-sydney-medium-thumb wp-image-1500\" alt=\"\" \/>\t\t\t\t\t\t\t\t\t\t\t\t\t\t\t<\/div>\n\t\t\t\t<\/div>\n\t\t\t\t\t<\/div>\n\t\t<\/div>\n\t\t\t\t<div class=\"elementor-column elementor-col-50 elementor-inner-column elementor-element elementor-element-0ec1b3d\" data-id=\"0ec1b3d\" data-element_type=\"column\" data-e-type=\"column\">\n\t\t\t<div class=\"elementor-widget-wrap elementor-element-populated\">\n\t\t\t\t\t\t<div class=\"elementor-element elementor-element-a9bd17a elementor-widget__width-initial elementor-widget elementor-widget-text-editor\" data-id=\"a9bd17a\" data-element_type=\"widget\" data-e-type=\"widget\" data-widget_type=\"text-editor.default\">\n\t\t\t\t<div class=\"elementor-widget-container\">\n\t\t\t\t\t\t\t\t\t<div style=\"display: flex; align-items: center; justify-content: flex-end; height: 100%; text-align: right;\"><div style=\"text-align: left;\"><p>No in\u00edcio de cada semestre, organizamos uma Reuni\u00e3o Aberta onde podes conhecer melhor o NEDF\/AAC, perceber o que fazemos e descobrir em que pelouro o teu perfil se encaixa.<\/p><p data-start=\"313\" data-end=\"532\">Ap\u00f3s essa sess\u00e3o, segue-se o processo de entrada como colaborador \u2014 um momento descontra\u00eddo em que conversamos contigo para perceber as tuas motiva\u00e7\u00f5es, interesses e como podemos integrar-te da melhor forma na equipa.<\/p><p data-start=\"534\" data-end=\"684\">Para te juntares, basta preencheres o formul\u00e1rio dispon\u00edvel no bot\u00e3o abaixo. Depois, entraremos em contacto contigo para dar seguimento ao processo.<\/p><p data-start=\"686\" data-end=\"818\">Se quiseres juntar-te noutra altura do ano, \u00e9 s\u00f3 entrares em contacto connosco via Instagram ou diretamente com algu\u00e9m da Dire\u00e7\u00e3o.<\/p><p data-start=\"820\" data-end=\"861\"><b>Estamos sempre prontos para te receber!<\/b><\/p><\/div><\/div>\t\t\t\t\t\t\t\t<\/div>\n\t\t\t\t<\/div>\n\t\t\t\t<div class=\"elementor-element elementor-element-d0820fd elementor-align-center elementor-mobile-align-center elementor-widget elementor-widget-button\" data-id=\"d0820fd\" data-element_type=\"widget\" data-e-type=\"widget\" data-widget_type=\"button.default\">\n\t\t\t\t<div class=\"elementor-widget-container\">\n\t\t\t\t\t\t\t\t\t<div class=\"elementor-button-wrapper\">\n\t\t\t\t\t<a class=\"elementor-button elementor-button-link elementor-size-sm\" href=\"#\">\n\t\t\t\t\t\t<span class=\"elementor-button-content-wrapper\">\n\t\t\t\t\t\t<span class=\"elementor-button-icon\">\n\t\t\t\t<i aria-hidden=\"true\" class=\"fas fa-tasks\"><\/i>\t\t\t<\/span>\n\t\t\t\t\t\t\t\t\t<span class=\"elementor-button-text\">Junta-te ao NEDF\/AAC<\/span>\n\t\t\t\t\t<\/span>\n\t\t\t\t\t<\/a>\n\t\t\t\t<\/div>\n\t\t\t\t\t\t\t\t<\/div>\n\t\t\t\t<\/div>\n\t\t\t\t\t<\/div>\n\t\t<\/div>\n\t\t\t\t\t<\/div>\n\t\t<\/section>\n\t\t\t\t<div class=\"elementor-element elementor-element-fda7208 elementor-widget elementor-widget-spacer\" data-id=\"fda7208\" data-element_type=\"widget\" data-e-type=\"widget\" data-widget_type=\"spacer.default\">\n\t\t\t\t<div class=\"elementor-widget-container\">\n\t\t\t\t\t\t\t<div class=\"elementor-spacer\">\n\t\t\t<div class=\"elementor-spacer-inner\"><\/div>\n\t\t<\/div>\n\t\t\t\t\t\t<\/div>\n\t\t\t\t<\/div>\n\t\t\t\t\t<\/div>\n\t\t<\/div>\n\t\t\t\t\t<\/div>\n\t\t<\/section>\n\t\t\t\t<section class=\"elementor-section elementor-top-section elementor-element elementor-element-c90060c elementor-section-boxed elementor-section-height-default elementor-section-height-default\" data-id=\"c90060c\" data-element_type=\"section\" data-e-type=\"section\">\n\t\t\t\t\t\t<div class=\"elementor-container elementor-column-gap-default\">\n\t\t\t\t\t<div class=\"elementor-column elementor-col-100 elementor-top-column elementor-element elementor-element-0ef4c13\" data-id=\"0ef4c13\" data-element_type=\"column\" data-e-type=\"column\">\n\t\t\t<div class=\"elementor-widget-wrap elementor-element-populated\">\n\t\t\t\t\t\t<div class=\"elementor-element elementor-element-bb31b9e elementor-widget elementor-widget-heading\" data-id=\"bb31b9e\" data-element_type=\"widget\" data-e-type=\"widget\" data-widget_type=\"heading.default\">\n\t\t\t\t<div class=\"elementor-widget-container\">\n\t\t\t\t\t<h2 class=\"elementor-heading-title elementor-size-default\">pr\u00f3ximas atividades<\/h2>\t\t\t\t<\/div>\n\t\t\t\t<\/div>\n\t\t\t\t<div class=\"elementor-element elementor-element-f4fc588 elementor-widget elementor-widget-spacer\" data-id=\"f4fc588\" data-element_type=\"widget\" data-e-type=\"widget\" data-widget_type=\"spacer.default\">\n\t\t\t\t<div class=\"elementor-widget-container\">\n\t\t\t\t\t\t\t<div class=\"elementor-spacer\">\n\t\t\t<div class=\"elementor-spacer-inner\"><\/div>\n\t\t<\/div>\n\t\t\t\t\t\t<\/div>\n\t\t\t\t<\/div>\n\t\t\t\t\t<\/div>\n\t\t<\/div>\n\t\t\t\t\t<\/div>\n\t\t<\/section>\n\t\t\t\t<section class=\"elementor-section elementor-top-section elementor-element elementor-element-0279b59 elementor-section-boxed elementor-section-height-default elementor-section-height-default\" data-id=\"0279b59\" data-element_type=\"section\" data-e-type=\"section\">\n\t\t\t\t\t\t<div class=\"elementor-container elementor-column-gap-default\">\n\t\t\t\t\t<div class=\"elementor-column elementor-col-25 elementor-top-column elementor-element elementor-element-68d33b9\" data-id=\"68d33b9\" data-element_type=\"column\" data-e-type=\"column\">\n\t\t\t<div class=\"elementor-widget-wrap elementor-element-populated\">\n\t\t\t\t\t\t<div class=\"elementor-element elementor-element-d3895a8 elementor-widget__width-initial elementor-widget elementor-widget-image\" data-id=\"d3895a8\" data-element_type=\"widget\" data-e-type=\"widget\" data-widget_type=\"image.default\">\n\t\t\t\t<div class=\"elementor-widget-container\">\n\t\t\t\t\t\t\t\t\t\t\t\t<figure class=\"wp-caption\">\n\t\t\t\t\t\t\t\t\t\t<img decoding=\"async\" width=\"768\" height=\"858\" src=\"https:\/\/nedf.pt\/wp-content\/uploads\/2026\/03\/aniv-768x858.jpeg\" class=\"attachment-medium_large size-medium_large wp-image-4360\" alt=\"\" srcset=\"https:\/\/nedf.pt\/wp-content\/uploads\/2026\/03\/aniv-768x858.jpeg 768w, https:\/\/nedf.pt\/wp-content\/uploads\/2026\/03\/aniv-268x300.jpeg 268w, https:\/\/nedf.pt\/wp-content\/uploads\/2026\/03\/aniv-230x257.jpeg 230w, https:\/\/nedf.pt\/wp-content\/uploads\/2026\/03\/aniv-350x391.jpeg 350w, https:\/\/nedf.pt\/wp-content\/uploads\/2026\/03\/aniv-480x537.jpeg 480w, https:\/\/nedf.pt\/wp-content\/uploads\/2026\/03\/aniv.jpeg 875w\" sizes=\"(max-width: 768px) 100vw, 768px\" \/>\t\t\t\t\t\t\t\t\t\t\t<figcaption class=\"widget-image-caption wp-caption-text\">Anivers\u00e1rio NEDF\/AAC<\/figcaption>\n\t\t\t\t\t\t\t\t\t\t<\/figure>\n\t\t\t\t\t\t\t\t\t<\/div>\n\t\t\t\t<\/div>\n\t\t\t\t\t<\/div>\n\t\t<\/div>\n\t\t\t\t<div class=\"elementor-column elementor-col-25 elementor-top-column elementor-element elementor-element-7f907c3\" data-id=\"7f907c3\" data-element_type=\"column\" data-e-type=\"column\">\n\t\t\t<div class=\"elementor-widget-wrap elementor-element-populated\">\n\t\t\t\t\t\t<div class=\"elementor-element elementor-element-eadc781 elementor-widget__width-initial elementor-widget elementor-widget-image\" data-id=\"eadc781\" data-element_type=\"widget\" data-e-type=\"widget\" data-widget_type=\"image.default\">\n\t\t\t\t<div class=\"elementor-widget-container\">\n\t\t\t\t\t\t\t\t\t\t\t\t<figure class=\"wp-caption\">\n\t\t\t\t\t\t\t\t\t\t<img loading=\"lazy\" decoding=\"async\" width=\"913\" height=\"1024\" src=\"https:\/\/nedf.pt\/wp-content\/uploads\/2026\/02\/feira-de-emprego-913x1024.jpeg\" class=\"attachment-large size-large wp-image-4296\" alt=\"\" srcset=\"https:\/\/nedf.pt\/wp-content\/uploads\/2026\/02\/feira-de-emprego-913x1024.jpeg 913w, https:\/\/nedf.pt\/wp-content\/uploads\/2026\/02\/feira-de-emprego-267x300.jpeg 267w, https:\/\/nedf.pt\/wp-content\/uploads\/2026\/02\/feira-de-emprego-768x862.jpeg 768w, https:\/\/nedf.pt\/wp-content\/uploads\/2026\/02\/feira-de-emprego-1000x1122.jpeg 1000w, https:\/\/nedf.pt\/wp-content\/uploads\/2026\/02\/feira-de-emprego-230x258.jpeg 230w, https:\/\/nedf.pt\/wp-content\/uploads\/2026\/02\/feira-de-emprego-350x393.jpeg 350w, https:\/\/nedf.pt\/wp-content\/uploads\/2026\/02\/feira-de-emprego-480x539.jpeg 480w, https:\/\/nedf.pt\/wp-content\/uploads\/2026\/02\/feira-de-emprego.jpeg 1179w\" sizes=\"(max-width: 913px) 100vw, 913px\" \/>\t\t\t\t\t\t\t\t\t\t\t<figcaption class=\"widget-image-caption wp-caption-text\">Feira de Emprego<\/figcaption>\n\t\t\t\t\t\t\t\t\t\t<\/figure>\n\t\t\t\t\t\t\t\t\t<\/div>\n\t\t\t\t<\/div>\n\t\t\t\t\t<\/div>\n\t\t<\/div>\n\t\t\t\t<div class=\"elementor-column elementor-col-25 elementor-top-column elementor-element elementor-element-262a278\" data-id=\"262a278\" data-element_type=\"column\" data-e-type=\"column\">\n\t\t\t<div class=\"elementor-widget-wrap elementor-element-populated\">\n\t\t\t\t\t\t<div class=\"elementor-element elementor-element-0ed7b26 elementor-widget__width-initial elementor-widget elementor-widget-image\" data-id=\"0ed7b26\" data-element_type=\"widget\" data-e-type=\"widget\" data-widget_type=\"image.default\">\n\t\t\t\t<div class=\"elementor-widget-container\">\n\t\t\t\t\t\t\t\t\t\t\t\t<figure class=\"wp-caption\">\n\t\t\t\t\t\t\t\t\t\t<img loading=\"lazy\" decoding=\"async\" width=\"1024\" height=\"788\" src=\"https:\/\/nedf.pt\/wp-content\/uploads\/2025\/11\/gala-1024x788.png\" class=\"attachment-large size-large wp-image-3888\" alt=\"\" srcset=\"https:\/\/nedf.pt\/wp-content\/uploads\/2025\/11\/gala-1024x788.png 1024w, https:\/\/nedf.pt\/wp-content\/uploads\/2025\/11\/gala-300x231.png 300w, https:\/\/nedf.pt\/wp-content\/uploads\/2025\/11\/gala-768x591.png 768w, https:\/\/nedf.pt\/wp-content\/uploads\/2025\/11\/gala-1000x770.png 1000w, https:\/\/nedf.pt\/wp-content\/uploads\/2025\/11\/gala-230x177.png 230w, https:\/\/nedf.pt\/wp-content\/uploads\/2025\/11\/gala-350x269.png 350w, https:\/\/nedf.pt\/wp-content\/uploads\/2025\/11\/gala-480x369.png 480w, https:\/\/nedf.pt\/wp-content\/uploads\/2025\/11\/gala-e1763993198166.png 894w\" sizes=\"(max-width: 1024px) 100vw, 1024px\" \/>\t\t\t\t\t\t\t\t\t\t\t<figcaption class=\"widget-image-caption wp-caption-text\">VIII Gala Qu\u00e2ntica<\/figcaption>\n\t\t\t\t\t\t\t\t\t\t<\/figure>\n\t\t\t\t\t\t\t\t\t<\/div>\n\t\t\t\t<\/div>\n\t\t\t\t\t<\/div>\n\t\t<\/div>\n\t\t\t\t<div class=\"elementor-column elementor-col-25 elementor-top-column elementor-element elementor-element-88e27d6\" data-id=\"88e27d6\" data-element_type=\"column\" data-e-type=\"column\">\n\t\t\t<div class=\"elementor-widget-wrap elementor-element-populated\">\n\t\t\t\t\t\t<div class=\"elementor-element elementor-element-a8c3c76 elementor-widget__width-initial elementor-widget elementor-widget-image\" data-id=\"a8c3c76\" data-element_type=\"widget\" data-e-type=\"widget\" data-widget_type=\"image.default\">\n\t\t\t\t<div class=\"elementor-widget-container\">\n\t\t\t\t\t\t\t\t\t\t\t\t<figure class=\"wp-caption\">\n\t\t\t\t\t\t\t\t\t\t<img loading=\"lazy\" decoding=\"async\" width=\"800\" height=\"800\" src=\"https:\/\/nedf.pt\/wp-content\/uploads\/2025\/11\/TAL-cern-science-gateway-exterior-CERNMUSEUM0324-ff2a677a898b481193e6f87278995b69-2.jpg\" class=\"attachment-2048x2048 size-2048x2048 wp-image-3883\" alt=\"\" srcset=\"https:\/\/nedf.pt\/wp-content\/uploads\/2025\/11\/TAL-cern-science-gateway-exterior-CERNMUSEUM0324-ff2a677a898b481193e6f87278995b69-2.jpg 800w, https:\/\/nedf.pt\/wp-content\/uploads\/2025\/11\/TAL-cern-science-gateway-exterior-CERNMUSEUM0324-ff2a677a898b481193e6f87278995b69-2-300x300.jpg 300w, https:\/\/nedf.pt\/wp-content\/uploads\/2025\/11\/TAL-cern-science-gateway-exterior-CERNMUSEUM0324-ff2a677a898b481193e6f87278995b69-2-150x150.jpg 150w, https:\/\/nedf.pt\/wp-content\/uploads\/2025\/11\/TAL-cern-science-gateway-exterior-CERNMUSEUM0324-ff2a677a898b481193e6f87278995b69-2-768x768.jpg 768w, https:\/\/nedf.pt\/wp-content\/uploads\/2025\/11\/TAL-cern-science-gateway-exterior-CERNMUSEUM0324-ff2a677a898b481193e6f87278995b69-2-230x230.jpg 230w, https:\/\/nedf.pt\/wp-content\/uploads\/2025\/11\/TAL-cern-science-gateway-exterior-CERNMUSEUM0324-ff2a677a898b481193e6f87278995b69-2-350x350.jpg 350w, https:\/\/nedf.pt\/wp-content\/uploads\/2025\/11\/TAL-cern-science-gateway-exterior-CERNMUSEUM0324-ff2a677a898b481193e6f87278995b69-2-480x480.jpg 480w\" sizes=\"(max-width: 800px) 100vw, 800px\" \/>\t\t\t\t\t\t\t\t\t\t\t<figcaption class=\"widget-image-caption wp-caption-text\">Latitude NEDF\u00ba<\/figcaption>\n\t\t\t\t\t\t\t\t\t\t<\/figure>\n\t\t\t\t\t\t\t\t\t<\/div>\n\t\t\t\t<\/div>\n\t\t\t\t\t<\/div>\n\t\t<\/div>\n\t\t\t\t\t<\/div>\n\t\t<\/section>\n\t\t\t\t<section class=\"elementor-section elementor-top-section elementor-element elementor-element-0ce8ab7 elementor-section-boxed elementor-section-height-default elementor-section-height-default\" data-id=\"0ce8ab7\" data-element_type=\"section\" data-e-type=\"section\">\n\t\t\t\t\t\t<div class=\"elementor-container elementor-column-gap-default\">\n\t\t\t\t\t<div class=\"elementor-column elementor-col-100 elementor-top-column elementor-element elementor-element-215ca54\" data-id=\"215ca54\" data-element_type=\"column\" data-e-type=\"column\">\n\t\t\t<div class=\"elementor-widget-wrap elementor-element-populated\">\n\t\t\t\t\t\t<div class=\"elementor-element elementor-element-3c410e5 elementor-align-center elementor-widget elementor-widget-button\" data-id=\"3c410e5\" data-element_type=\"widget\" data-e-type=\"widget\" data-widget_type=\"button.default\">\n\t\t\t\t<div class=\"elementor-widget-container\">\n\t\t\t\t\t\t\t\t\t<div class=\"elementor-button-wrapper\">\n\t\t\t\t\t<a class=\"elementor-button elementor-button-link elementor-size-sm\" href=\"https:\/\/nedf.pt\/index.php\/calendario\/\">\n\t\t\t\t\t\t<span class=\"elementor-button-content-wrapper\">\n\t\t\t\t\t\t<span class=\"elementor-button-icon\">\n\t\t\t\t<i aria-hidden=\"true\" class=\"far fa-calendar-alt\"><\/i>\t\t\t<\/span>\n\t\t\t\t\t\t\t\t\t<span class=\"elementor-button-text\">Consulta o nosso Calend\u00e1rio de Atividades!<\/span>\n\t\t\t\t\t<\/span>\n\t\t\t\t\t<\/a>\n\t\t\t\t<\/div>\n\t\t\t\t\t\t\t\t<\/div>\n\t\t\t\t<\/div>\n\t\t\t\t\t<\/div>\n\t\t<\/div>\n\t\t\t\t\t<\/div>\n\t\t<\/section>\n\t\t\t\t<section class=\"elementor-section elementor-top-section elementor-element elementor-element-7150faa elementor-section-boxed elementor-section-height-default elementor-section-height-default\" data-id=\"7150faa\" data-element_type=\"section\" data-e-type=\"section\">\n\t\t\t\t\t\t<div class=\"elementor-container elementor-column-gap-default\">\n\t\t\t\t\t<div class=\"elementor-column elementor-col-100 elementor-top-column elementor-element elementor-element-67db048\" data-id=\"67db048\" data-element_type=\"column\" data-e-type=\"column\">\n\t\t\t<div class=\"elementor-widget-wrap elementor-element-populated\">\n\t\t\t\t\t\t<div class=\"elementor-element elementor-element-3fe59c1 elementor-widget elementor-widget-spacer\" data-id=\"3fe59c1\" data-element_type=\"widget\" data-e-type=\"widget\" data-widget_type=\"spacer.default\">\n\t\t\t\t<div class=\"elementor-widget-container\">\n\t\t\t\t\t\t\t<div class=\"elementor-spacer\">\n\t\t\t<div class=\"elementor-spacer-inner\"><\/div>\n\t\t<\/div>\n\t\t\t\t\t\t<\/div>\n\t\t\t\t<\/div>\n\t\t\t\t\t<\/div>\n\t\t<\/div>\n\t\t\t\t\t<\/div>\n\t\t<\/section>\n\t\t\t\t<\/div>\n\t\t","protected":false},"excerpt":{"rendered":"<p>O que \u00e9 o NEDF\/AAC? O N\u00facleo de Estudantes do Departamento de F\u00edsica da Associa\u00e7\u00e3o Acad\u00e9mica de Coimbra \u00e9 muito mais do [&hellip;]<\/p>\n","protected":false},"author":1,"featured_media":0,"parent":0,"menu_order":0,"comment_status":"closed","ping_status":"closed","template":"page-templates\/page_front-page.php","meta":{"_monsterinsights_skip_tracking":false,"_monsterinsights_sitenote_active":false,"_monsterinsights_sitenote_note":"","_monsterinsights_sitenote_category":0,"footnotes":""},"class_list":["post-12","page","type-page","status-publish","hentry"],"_links":{"self":[{"href":"https:\/\/nedf.pt\/index.php\/wp-json\/wp\/v2\/pages\/12","targetHints":{"allow":["GET"]}}],"collection":[{"href":"https:\/\/nedf.pt\/index.php\/wp-json\/wp\/v2\/pages"}],"about":[{"href":"https:\/\/nedf.pt\/index.php\/wp-json\/wp\/v2\/types\/page"}],"author":[{"embeddable":true,"href":"https:\/\/nedf.pt\/index.php\/wp-json\/wp\/v2\/users\/1"}],"replies":[{"embeddable":true,"href":"https:\/\/nedf.pt\/index.php\/wp-json\/wp\/v2\/comments?post=12"}],"version-history":[{"count":179,"href":"https:\/\/nedf.pt\/index.php\/wp-json\/wp\/v2\/pages\/12\/revisions"}],"predecessor-version":[{"id":4363,"href":"https:\/\/nedf.pt\/index.php\/wp-json\/wp\/v2\/pages\/12\/revisions\/4363"}],"wp:attachment":[{"href":"https:\/\/nedf.pt\/index.php\/wp-json\/wp\/v2\/media?parent=12"}],"curies":[{"name":"wp","href":"https:\/\/api.w.org\/{rel}","templated":true}]}}