{"id":1741,"date":"2025-05-11T22:45:35","date_gmt":"2025-05-11T22:45:35","guid":{"rendered":"https:\/\/nedf.pt\/?page_id=1741"},"modified":"2025-06-05T20:50:02","modified_gmt":"2025-06-05T20:50:02","slug":"oportunidades-de-estagios","status":"publish","type":"page","link":"https:\/\/nedf.pt\/index.php\/oportunidades-de-estagios\/","title":{"rendered":"Oportunidades de Est\u00e1gios"},"content":{"rendered":"\t\t<div data-elementor-type=\"wp-page\" data-elementor-id=\"1741\" class=\"elementor elementor-1741\" data-elementor-post-type=\"page\">\n\t\t\t\t\t\t<section class=\"elementor-section elementor-top-section elementor-element elementor-element-4b13a6d elementor-section-boxed elementor-section-height-default elementor-section-height-default\" data-id=\"4b13a6d\" data-element_type=\"section\" data-e-type=\"section\">\n\t\t\t\t\t\t<div class=\"elementor-container elementor-column-gap-default\">\n\t\t\t\t\t<div class=\"elementor-column elementor-col-100 elementor-top-column elementor-element elementor-element-890deeb\" data-id=\"890deeb\" data-element_type=\"column\" data-e-type=\"column\">\n\t\t\t<div class=\"elementor-widget-wrap elementor-element-populated\">\n\t\t\t\t\t\t<div class=\"elementor-element elementor-element-6212cae elementor-widget elementor-widget-heading\" data-id=\"6212cae\" data-element_type=\"widget\" data-e-type=\"widget\" data-widget_type=\"heading.default\">\n\t\t\t\t<div class=\"elementor-widget-container\">\n\t\t\t\t\t<h2 class=\"elementor-heading-title elementor-size-default\">Oportunidades de Est\u00e1gio<\/h2>\t\t\t\t<\/div>\n\t\t\t\t<\/div>\n\t\t\t\t<div class=\"elementor-element elementor-element-90ddceb elementor-widget elementor-widget-text-editor\" data-id=\"90ddceb\" data-element_type=\"widget\" data-e-type=\"widget\" data-widget_type=\"text-editor.default\">\n\t\t\t\t<div class=\"elementor-widget-container\">\n\t\t\t\t\t\t\t\t\t<p><span style=\"color: #000000;\"><span style=\"font-weight: 400;\">Nesta sec\u00e7\u00e3o vais encontrar informa\u00e7\u00f5es sobre <\/span><b>est\u00e1gios dispon\u00edveis para estudantes da Universidade de Coimbra<\/b><span style=\"font-weight: 400;\">, com destaque para programas institucionais, plataformas associativas e outras oportunidades que o NEDF\/AAC divulga diretamente.<\/span><\/span><\/p><p><span style=\"font-weight: 400; color: #000000;\">Se est\u00e1s \u00e0 procura de uma experi\u00eancia pr\u00e1tica para desenvolver compet\u00eancias e ganhar contacto com o mundo profissional, explora as op\u00e7\u00f5es abaixo!<\/span><\/p><h4><span style=\"color: #000000;\"><b>Est\u00e1gios de Ver\u00e3o da UC<\/b><\/span><\/h4><p><span style=\"color: #000000;\"><span style=\"font-weight: 400;\">A Universidade de Coimbra promove, todos os anos, um programa de <\/span><b>Est\u00e1gios de Ver\u00e3o<\/b><span style=\"font-weight: 400;\"> com vagas em diversas \u00e1reas. Estes est\u00e1gios s\u00e3o uma \u00f3tima forma de entrares em contacto com o ambiente de trabalho, desenvolveres soft skills e refor\u00e7ares o teu curr\u00edculo.<\/span><\/span><\/p><h5><span style=\"color: #000000;\"><b>Informa\u00e7\u00f5es-chave:<\/b><\/span><\/h5><ul><li style=\"font-weight: 400;\" aria-level=\"1\"><span style=\"color: #000000;\"><span style=\"color: #000000;\"><b>Destinat\u00e1rios<\/b><span style=\"font-weight: 400;\">: Estudantes com inscri\u00e7\u00e3o ativa na UC<\/span><\/span><\/span><\/li><li style=\"font-weight: 400;\" aria-level=\"1\"><span style=\"color: #000000;\"><span style=\"color: #000000;\"><b>Dura\u00e7\u00e3o<\/b><span style=\"font-weight: 400;\">: Entre 140h e 420h<\/span><\/span><\/span><\/li><li style=\"font-weight: 400;\" aria-level=\"1\"><span style=\"color: #000000;\"><span style=\"color: #000000;\"><b>Per\u00edodo de Est\u00e1gio<\/b><span style=\"font-weight: 400;\">: 1 de maio a 31 de outubro<\/span><\/span><\/span><\/li><li style=\"font-weight: 400;\" aria-level=\"1\"><span style=\"color: #000000;\"><span style=\"color: #000000;\"><b>Seguro Escolar<\/b><span style=\"font-weight: 400;\"> inclu\u00eddo<\/span><\/span><\/span><\/li><li style=\"font-weight: 400;\" aria-level=\"1\"><span style=\"color: #000000;\"><span style=\"color: #000000;\"><b>Remunera\u00e7\u00e3o<\/b><span style=\"font-weight: 400;\">: N\u00e3o remunerados (exceto quando indicado)<\/span><\/span><\/span><\/li><li style=\"font-weight: 400;\" aria-level=\"1\"><span style=\"color: #000000;\"><span style=\"color: #000000;\"><b>Certifica\u00e7\u00e3o<\/b><span style=\"font-weight: 400;\">: Refer\u00eancia no Suplemento ao Diploma ou certificado (dependendo do caso)<\/span><\/span><\/span><\/li><\/ul><h5><span style=\"color: #000000;\"><b>Est\u00e1gios via InforEstudante\u00a0<\/b><\/span><\/h5><ul><li style=\"font-weight: 400;\" aria-level=\"1\"><span style=\"color: #000000;\"><span style=\"color: #000000;\"><b>Candidaturas<\/b><span style=\"font-weight: 400;\">: 17 a 31 de mar\u00e7o de 2025 <\/span><\/span><\/span><\/li><li style=\"font-weight: 400;\" aria-level=\"1\"><span style=\"color: #000000;\"><span style=\"color: #000000;\"><b>Resultados<\/b><span style=\"font-weight: 400;\">: At\u00e9 final de abril no InforEstudante<\/span><\/span><\/span><\/li><li style=\"font-weight: 400;\" aria-level=\"1\"><span style=\"color: #000000;\"><b>Como candidatar-te<\/b><span style=\"font-weight: 400;\">: InforEstudante &gt; Candidaturas &gt; Est\u00e1gios de Ver\u00e3o<\/span><\/span><\/li><\/ul><p><span style=\"color: #02bae8;\"><a style=\"color: #02bae8;\" href=\"https:\/\/www.uc.pt\/empregabilidade\/estagios\"><span style=\"font-weight: 400;\">\u00a0P\u00e1gina Oficial com Regulamento e Vagas<\/span><\/a><\/span><\/p><p><span style=\"color: #000000;\"><span style=\"font-weight: 400;\">\u26a0\ufe0f <\/span><b>Nota 1<\/b><span style=\"font-weight: 400;\">:O per\u00edodo de candidatura para os est\u00e1gios disponibilizados pela UC j\u00e1 terminaram este ano. N\u00e3o desmotives e procura ativamente outras oportunidades!\u00a0<\/span><\/span><\/p><h5><span style=\"color: #000000;\"><b>Est\u00e1gios Autopropostos<\/b><\/span><\/h5><p><span style=\"font-weight: 400; color: #000000;\">Se j\u00e1 tens uma entidade com a qual queres colaborar, ou encontraste uma vaga externa:<\/span><\/p><ul><li style=\"font-weight: 400;\" aria-level=\"1\"><span style=\"color: #000000;\"><span style=\"color: #000000;\"><b>Candidaturas<\/b><span style=\"font-weight: 400;\">: A partir de 1 de maio<\/span><\/span><\/span><\/li><li style=\"font-weight: 400;\" aria-level=\"1\"><span style=\"color: #000000;\"><span style=\"color: #000000;\"><b>Modo de candidatura<\/b><span style=\"font-weight: 400;\">: Envio do CV o do plano de est\u00e1gio preenchido e assinado para <\/span><a style=\"color: #000000;\" href=\"mailto:estagios@uc.pt\"><span style=\"font-weight: 400;\">estagios@uc.pt<\/span><\/a><span style=\"font-weight: 400;\">, \u200b\u200b<\/span><span style=\"font-weight: 400;\">com o m\u00ednimo de 15 dias antes do est\u00e1gio estar previsto<\/span><\/span><\/span><\/li><\/ul><p><span style=\"color: #02bae8;\"><a style=\"color: #02bae8;\" href=\"https:\/\/www.uc.pt\/empregabilidade\/estagios\/\"><span style=\"font-weight: 400;\">Consulta aqui as instru\u00e7\u00f5es e plano de est\u00e1gio<\/span><\/a><\/span><\/p><p><span style=\"color: #000000;\"><span style=\"font-weight: 400;\">\u26a0\ufe0f <\/span><b>Nota 2<\/b><span style=\"font-weight: 400;\">: Estudantes em mobilidade ou inscritos em unidades curriculares isoladas devem concluir o est\u00e1gio at\u00e9 31 de agosto.<\/span><\/span><\/p>\t\t\t\t\t\t\t\t<\/div>\n\t\t\t\t<\/div>\n\t\t\t\t\t<\/div>\n\t\t<\/div>\n\t\t\t\t\t<\/div>\n\t\t<\/section>\n\t\t\t\t<section class=\"elementor-section elementor-top-section elementor-element elementor-element-2e317b2 elementor-section-boxed elementor-section-height-default elementor-section-height-default\" data-id=\"2e317b2\" data-element_type=\"section\" data-e-type=\"section\">\n\t\t\t\t\t\t<div class=\"elementor-container elementor-column-gap-default\">\n\t\t\t\t\t<div class=\"elementor-column elementor-col-100 elementor-top-column elementor-element elementor-element-54ea8fb\" data-id=\"54ea8fb\" data-element_type=\"column\" data-e-type=\"column\">\n\t\t\t<div class=\"elementor-widget-wrap elementor-element-populated\">\n\t\t\t\t\t\t<div class=\"elementor-element elementor-element-0b41c88 elementor-widget elementor-widget-text-editor\" data-id=\"0b41c88\" data-element_type=\"widget\" data-e-type=\"widget\" data-widget_type=\"text-editor.default\">\n\t\t\t\t<div class=\"elementor-widget-container\">\n\t\t\t\t\t\t\t\t\t<h4><b>Plataformas Associativas com oportunidades de Est\u00e1gios<\/b><\/h4><p><span style=\"font-weight: 400; color: #000000;\">Al\u00e9m da UC, v\u00e1rias associa\u00e7\u00f5es nacionais mant\u00eam bases de dados e atualiza\u00e7\u00f5es constantes de oportunidades relevantes:<\/span><\/p>\t\t\t\t\t\t\t\t<\/div>\n\t\t\t\t<\/div>\n\t\t\t\t\t<\/div>\n\t\t<\/div>\n\t\t\t\t\t<\/div>\n\t\t<\/section>\n\t\t\t\t<section class=\"elementor-section elementor-top-section elementor-element elementor-element-d69a6f0 elementor-section-boxed elementor-section-height-default elementor-section-height-default\" data-id=\"d69a6f0\" data-element_type=\"section\" data-e-type=\"section\">\n\t\t\t\t\t\t<div class=\"elementor-container elementor-column-gap-default\">\n\t\t\t\t\t<div class=\"elementor-column elementor-col-50 elementor-top-column elementor-element elementor-element-0438900\" data-id=\"0438900\" data-element_type=\"column\" data-e-type=\"column\">\n\t\t\t<div class=\"elementor-widget-wrap elementor-element-populated\">\n\t\t\t\t\t\t<div class=\"elementor-element elementor-element-b9bb620 elementor-widget elementor-widget-text-editor\" data-id=\"b9bb620\" data-element_type=\"widget\" data-e-type=\"widget\" data-widget_type=\"text-editor.default\">\n\t\t\t\t<div class=\"elementor-widget-container\">\n\t\t\t\t\t\t\t\t\t<p><a href=\"https:\/\/aneeb.pt\/oportunidades-de-estagio\/\"><b>ANEEB\u2013 Associa\u00e7\u00e3o Nacional de Estudantes de Engenharia Biom\u00e9dica<\/b><\/a><\/p><p><span style=\"color: #000000;\"><span style=\"font-weight: 400;\">A ANEEB disponibiliza uma plataforma com <\/span><b>est\u00e1gios e oportunidades<\/b><span style=\"font-weight: 400;\"> na \u00e1rea da Engenharia Biom\u00e9dica, tanto nacionais como internacionais. \u00c9 atualizada todos os anos e \u00e9 uma oportunidade para te aproximarmos do mercado de trabalho, enriqueceres o teu CV e adquirires oportunidades complementares \u00e0s que possuis.\u00a0<\/span><\/span><\/p><p><span style=\"font-weight: 400; color: #000000;\">As insci\u00e7\u00f5es est\u00e3o abertas de 28 de abril a 11 de maio.\u00a0<\/span><\/p><p><span style=\"font-weight: 400; color: #000000;\">Consulta aqui as<\/span><a href=\"https:\/\/aneeb.pt\/oportunidades-de-estagio\/\"><span style=\"font-weight: 400;\"> oportunidades de est\u00e1gios<\/span><\/a><span style=\"font-weight: 400;\">. <\/span><\/p>\t\t\t\t\t\t\t\t<\/div>\n\t\t\t\t<\/div>\n\t\t\t\t\t<\/div>\n\t\t<\/div>\n\t\t\t\t<div class=\"elementor-column elementor-col-50 elementor-top-column elementor-element elementor-element-c64de73\" data-id=\"c64de73\" data-element_type=\"column\" data-e-type=\"column\">\n\t\t\t<div class=\"elementor-widget-wrap elementor-element-populated\">\n\t\t\t\t\t\t<div class=\"elementor-element elementor-element-a2faad1 elementor-widget elementor-widget-text-editor\" data-id=\"a2faad1\" data-element_type=\"widget\" data-e-type=\"widget\" data-widget_type=\"text-editor.default\">\n\t\t\t\t<div class=\"elementor-widget-container\">\n\t\t\t\t\t\t\t\t\t<p><a href=\"https:\/\/physis.com.pt\/physis-opportunities\/\"><b>PHYSIS \u2013 Associa\u00e7\u00e3o Portuguesa de Estudantes de F\u00edsica<\/b><\/a><\/p><p><span style=\"color: #000000;\"><span style=\"font-weight: 400;\">A PHYSIS promove oportunidades de est\u00e1gios, <\/span><b>escolas de ver\u00e3o, bolsas e projetos de investiga\u00e7\u00e3o<\/b><span style=\"font-weight: 400;\"> para estudantes de F\u00edsica e Engenharia F\u00edsica. Uma boa fonte para quem procura explorar \u00e1reas cient\u00edficas mais espec\u00edficas ou internacionais.<\/span><\/span><\/p><p><span style=\"font-weight: 400; color: #000000;\">Consulta aqui as <\/span><a href=\"https:\/\/physis.com.pt\/physis-opportunities\/\"><span style=\"font-weight: 400;\">oportunidades<\/span><\/a><span style=\"font-weight: 400;\">.<\/span><\/p>\t\t\t\t\t\t\t\t<\/div>\n\t\t\t\t<\/div>\n\t\t\t\t\t<\/div>\n\t\t<\/div>\n\t\t\t\t\t<\/div>\n\t\t<\/section>\n\t\t\t\t<section class=\"elementor-section elementor-top-section elementor-element elementor-element-c4cda68 elementor-section-boxed elementor-section-height-default elementor-section-height-default\" data-id=\"c4cda68\" data-element_type=\"section\" data-e-type=\"section\">\n\t\t\t\t\t\t<div class=\"elementor-container elementor-column-gap-default\">\n\t\t\t\t\t<div class=\"elementor-column elementor-col-100 elementor-top-column elementor-element elementor-element-d17682d\" data-id=\"d17682d\" data-element_type=\"column\" data-e-type=\"column\">\n\t\t\t<div class=\"elementor-widget-wrap elementor-element-populated\">\n\t\t\t\t\t\t<div class=\"elementor-element elementor-element-0c6cc4f elementor-widget elementor-widget-text-editor\" data-id=\"0c6cc4f\" data-element_type=\"widget\" data-e-type=\"widget\" data-widget_type=\"text-editor.default\">\n\t\t\t\t<div class=\"elementor-widget-container\">\n\t\t\t\t\t\t\t\t\t<h3><b>\ud83d\udce2 Outras Oportunidades<\/b><\/h3><p><span style=\"color: #000000;\"><span style=\"font-weight: 400;\">Esta sec\u00e7\u00e3o inclui <\/span><b>est\u00e1gios, desafios e programas<\/b><span style=\"font-weight: 400;\"> que nos foram diretamente comunicados por empresas, institui\u00e7\u00f5es e centros de investiga\u00e7\u00e3o. Consulta abaixo as vagas mais recentes! <\/span><\/span><\/p>\t\t\t\t\t\t\t\t<\/div>\n\t\t\t\t<\/div>\n\t\t\t\t\t<\/div>\n\t\t<\/div>\n\t\t\t\t\t<\/div>\n\t\t<\/section>\n\t\t\t\t<section class=\"elementor-section elementor-top-section elementor-element elementor-element-12b5e83 elementor-section-boxed elementor-section-height-default elementor-section-height-default\" data-id=\"12b5e83\" data-element_type=\"section\" data-e-type=\"section\">\n\t\t\t\t\t\t<div class=\"elementor-container elementor-column-gap-default\">\n\t\t\t\t\t<div class=\"elementor-column elementor-col-100 elementor-top-column elementor-element elementor-element-c8c87f1\" data-id=\"c8c87f1\" data-element_type=\"column\" data-e-type=\"column\">\n\t\t\t<div class=\"elementor-widget-wrap\">\n\t\t\t\t\t\t\t<\/div>\n\t\t<\/div>\n\t\t\t\t\t<\/div>\n\t\t<\/section>\n\t\t\t\t<section class=\"elementor-section elementor-top-section elementor-element elementor-element-d82dda8 elementor-section-boxed elementor-section-height-default elementor-section-height-default\" data-id=\"d82dda8\" data-element_type=\"section\" data-e-type=\"section\">\n\t\t\t\t\t\t<div class=\"elementor-container elementor-column-gap-default\">\n\t\t\t\t\t<div class=\"elementor-column elementor-col-100 elementor-top-column elementor-element elementor-element-17cc0a4\" data-id=\"17cc0a4\" data-element_type=\"column\" data-e-type=\"column\">\n\t\t\t<div class=\"elementor-widget-wrap elementor-element-populated\">\n\t\t\t\t\t\t<div class=\"elementor-element elementor-element-eda4693 elementor-widget elementor-widget-accordion\" data-id=\"eda4693\" data-element_type=\"widget\" data-e-type=\"widget\" data-widget_type=\"accordion.default\">\n\t\t\t\t<div class=\"elementor-widget-container\">\n\t\t\t\t\t\t\t<div class=\"elementor-accordion\">\n\t\t\t\t\t\t\t<div class=\"elementor-accordion-item\">\n\t\t\t\t\t<div id=\"elementor-tab-title-2491\" class=\"elementor-tab-title\" data-tab=\"1\" role=\"button\" aria-controls=\"elementor-tab-content-2491\" aria-expanded=\"false\">\n\t\t\t\t\t\t\t\t\t\t\t\t<a class=\"elementor-accordion-title\" tabindex=\"0\">Summer@IPN \u2013 Programa de Est\u00e1gios de Ver\u00e3o do Instituto Pedro Nunes<\/a>\n\t\t\t\t\t<\/div>\n\t\t\t\t\t<div id=\"elementor-tab-content-2491\" class=\"elementor-tab-content elementor-clearfix\" data-tab=\"1\" role=\"region\" aria-labelledby=\"elementor-tab-title-2491\"><p><span style=\"color: #000000;\"><b>Entidade:<\/b><span style=\"font-weight: 400;\"> Instituto Pedro Nunes (IPN)<\/span><span style=\"font-weight: 400;\"><br \/><\/span> <b>Local:<\/b><span style=\"font-weight: 400;\"> Coimbra (presencial, em empresas incubadas e unidades I&amp;D do IPN)<\/span><span style=\"font-weight: 400;\"><br \/><\/span> <b>Per\u00edodo:<\/b><span style=\"font-weight: 400;\"> Ver\u00e3o de 2025 (entre 1 a 3 meses)<\/span><span style=\"font-weight: 400;\"><br \/><\/span> <b>Candidaturas at\u00e9:<\/b><span style=\"font-weight: 400;\"> 31 de maio de 2025<\/span><\/span><\/p><p><a href=\"https:\/\/forms.gle\/4fV4iCsUYovMDjACA\"><span style=\"font-weight: 400;\">Formul\u00e1rio de Candidatura<\/span><\/a><\/p><p><span style=\"color: #000000;\"><b>Descri\u00e7\u00e3o:<\/b><b><br \/><\/b><span style=\"font-weight: 400;\"> O <\/span><b>Summer@IPN<\/b><span style=\"font-weight: 400;\"> \u00e9 um programa de est\u00e1gios de curta dura\u00e7\u00e3o promovido pelo IPN, aberto a estudantes de v\u00e1rias \u00e1reas, com o objetivo de proporcionar uma primeira experi\u00eancia em contexto de trabalho.<\/span><\/span><\/p><ul><li style=\"font-weight: 400;\" aria-level=\"1\"><span style=\"color: #000000;\"><span style=\"font-weight: 400;\">Est\u00e1gios realizados em empresas incubadas\/aceleradas ou em laborat\u00f3rios de I&amp;D do IPN<\/span><span style=\"font-weight: 400;\"><br \/><\/span><\/span><\/li><li style=\"font-weight: 400;\" aria-level=\"1\"><span style=\"color: #000000;\"><span style=\"font-weight: 400;\">Ambiente inovador, tecnol\u00f3gico e din\u00e2mico<\/span><span style=\"font-weight: 400;\"><br \/><\/span><\/span><\/li><li style=\"font-weight: 400;\" aria-level=\"1\"><span style=\"color: #000000;\"><span style=\"font-weight: 400;\">Dura\u00e7\u00e3o flex\u00edvel (entre 1 a 3 meses)<\/span><span style=\"font-weight: 400;\"><br \/><\/span><\/span><\/li><\/ul><p><span style=\"color: #000000;\"><b>\u00c1reas de atua\u00e7\u00e3o:<\/b><span style=\"font-weight: 400;\"> Inform\u00e1tica, Geologia, Gest\u00e3o, Economia, Psicologia, entre outras.<\/span><\/span><\/p><p><span style=\"color: #000000;\"><b>Sess\u00e3o de Esclarecimento:<\/b><span style=\"font-weight: 400;\"> 9 de maio \u00e0s 10h no IPN<\/span><\/span><span style=\"font-weight: 400;\"><br \/><\/span><span style=\"font-weight: 400;\"> \ud83d\udd17<\/span><a href=\"https:\/\/forms.gle\/zMmXufVNLXPHAwUs9\"> <span style=\"font-weight: 400;\">Registo para a sess\u00e3o<\/span><\/a><\/p><\/div>\n\t\t\t\t<\/div>\n\t\t\t\t\t\t\t\t<\/div>\n\t\t\t\t\t\t<\/div>\n\t\t\t\t<\/div>\n\t\t\t\t\t<\/div>\n\t\t<\/div>\n\t\t\t\t\t<\/div>\n\t\t<\/section>\n\t\t\t\t<\/div>\n\t\t","protected":false},"excerpt":{"rendered":"<p>Oportunidades de Est\u00e1gio Nesta sec\u00e7\u00e3o vais encontrar informa\u00e7\u00f5es sobre est\u00e1gios dispon\u00edveis para estudantes da Universidade de Coimbra, com destaque para programas institucionais, [&hellip;]<\/p>\n","protected":false},"author":1,"featured_media":0,"parent":0,"menu_order":0,"comment_status":"closed","ping_status":"closed","template":"elementor_header_footer","meta":{"_monsterinsights_skip_tracking":false,"_monsterinsights_sitenote_active":false,"_monsterinsights_sitenote_note":"","_monsterinsights_sitenote_category":0,"footnotes":""},"class_list":["post-1741","page","type-page","status-publish","hentry"],"_links":{"self":[{"href":"https:\/\/nedf.pt\/index.php\/wp-json\/wp\/v2\/pages\/1741","targetHints":{"allow":["GET"]}}],"collection":[{"href":"https:\/\/nedf.pt\/index.php\/wp-json\/wp\/v2\/pages"}],"about":[{"href":"https:\/\/nedf.pt\/index.php\/wp-json\/wp\/v2\/types\/page"}],"author":[{"embeddable":true,"href":"https:\/\/nedf.pt\/index.php\/wp-json\/wp\/v2\/users\/1"}],"replies":[{"embeddable":true,"href":"https:\/\/nedf.pt\/index.php\/wp-json\/wp\/v2\/comments?post=1741"}],"version-history":[{"count":13,"href":"https:\/\/nedf.pt\/index.php\/wp-json\/wp\/v2\/pages\/1741\/revisions"}],"predecessor-version":[{"id":1780,"href":"https:\/\/nedf.pt\/index.php\/wp-json\/wp\/v2\/pages\/1741\/revisions\/1780"}],"wp:attachment":[{"href":"https:\/\/nedf.pt\/index.php\/wp-json\/wp\/v2\/media?parent=1741"}],"curies":[{"name":"wp","href":"https:\/\/api.w.org\/{rel}","templated":true}]}}