{"id":1752,"date":"2025-05-12T17:33:14","date_gmt":"2025-05-12T17:33:14","guid":{"rendered":"https:\/\/nedf.pt\/?page_id=1752"},"modified":"2025-05-13T11:35:39","modified_gmt":"2025-05-13T11:35:39","slug":"submete-o-teu-cv","status":"publish","type":"page","link":"https:\/\/nedf.pt\/index.php\/submete-o-teu-cv\/","title":{"rendered":"Submete o teu CV"},"content":{"rendered":"\t\t<div data-elementor-type=\"wp-page\" data-elementor-id=\"1752\" class=\"elementor elementor-1752\" data-elementor-post-type=\"page\">\n\t\t\t\t\t\t<section class=\"elementor-section elementor-top-section elementor-element elementor-element-a86805c elementor-section-boxed elementor-section-height-default elementor-section-height-default\" data-id=\"a86805c\" data-element_type=\"section\" data-e-type=\"section\">\n\t\t\t\t\t\t<div class=\"elementor-container elementor-column-gap-default\">\n\t\t\t\t\t<div class=\"elementor-column elementor-col-100 elementor-top-column elementor-element elementor-element-7c5df1b\" data-id=\"7c5df1b\" data-element_type=\"column\" data-e-type=\"column\">\n\t\t\t<div class=\"elementor-widget-wrap elementor-element-populated\">\n\t\t\t\t\t\t<div class=\"elementor-element elementor-element-e2703a7 elementor-widget elementor-widget-heading\" data-id=\"e2703a7\" data-element_type=\"widget\" data-e-type=\"widget\" data-widget_type=\"heading.default\">\n\t\t\t\t<div class=\"elementor-widget-container\">\n\t\t\t\t\t<h2 class=\"elementor-heading-title elementor-size-default\">Submete o teu CV!<\/h2>\t\t\t\t<\/div>\n\t\t\t\t<\/div>\n\t\t\t\t<div class=\"elementor-element elementor-element-89557ba elementor-widget elementor-widget-text-editor\" data-id=\"89557ba\" data-element_type=\"widget\" data-e-type=\"widget\" data-widget_type=\"text-editor.default\">\n\t\t\t\t<div class=\"elementor-widget-container\">\n\t\t\t\t\t\t\t\t\t<p><span style=\"color: #000000;\">Est\u00e1s \u00e0 procura de uma oportunidade de est\u00e1gio ou emprego na \u00e1rea da Engenharia Biom\u00e9dica?<\/span><\/p>\n<p><span style=\"color: #000000;\">Submete o teu CV e junta-te \u00e0 nossa base de dados exclusiva. O NEDF\/AAC ir\u00e1 partilha regularmente estas informa\u00e7\u00f5es com empresas e institui\u00e7\u00f5es parceiras, para te ajudar a dar os primeiros passos no mercado de trabalho.<\/span><\/p><p><span style=\"color: rgb(0, 0, 0);\">Clica no bot\u00e3o abaixo para preencher o formul\u00e1rio de submiss\u00e3o de CV com os teus dados. A tua informa\u00e7\u00e3o ser\u00e1 tratada com confidencialidade e poder\u00e1 ser partilhada com empresas parceiras do NEDF\/AAC.&nbsp;<\/span><span style=\"color: rgb(0, 0, 0);\">Garante que o CV est\u00e1 atualizado e apelativo!<\/span><\/p>\t\t\t\t\t\t\t\t<\/div>\n\t\t\t\t<\/div>\n\t\t\t\t\t<\/div>\n\t\t<\/div>\n\t\t\t\t\t<\/div>\n\t\t<\/section>\n\t\t\t\t<section class=\"elementor-section elementor-top-section elementor-element elementor-element-5a54182 elementor-section-boxed elementor-section-height-default elementor-section-height-default\" data-id=\"5a54182\" data-element_type=\"section\" data-e-type=\"section\">\n\t\t\t\t\t\t<div class=\"elementor-container elementor-column-gap-default\">\n\t\t\t\t\t<div class=\"elementor-column elementor-col-100 elementor-top-column elementor-element elementor-element-d3302d3\" data-id=\"d3302d3\" data-element_type=\"column\" data-e-type=\"column\">\n\t\t\t<div class=\"elementor-widget-wrap elementor-element-populated\">\n\t\t\t\t\t\t<div class=\"elementor-element elementor-element-90bebe7 elementor-align-center elementor-widget elementor-widget-button\" data-id=\"90bebe7\" data-element_type=\"widget\" data-e-type=\"widget\" data-widget_type=\"button.default\">\n\t\t\t\t<div class=\"elementor-widget-container\">\n\t\t\t\t\t\t\t\t\t<div class=\"elementor-button-wrapper\">\n\t\t\t\t\t<a class=\"elementor-button elementor-button-link elementor-size-sm\" href=\"https:\/\/docs.google.com\/forms\/d\/e\/1FAIpQLSfsJvgd0bKZxCLebklwU_NNyk3CgZMVSrKMB6nJOZnO7BjN6g\/viewform?usp=header\">\n\t\t\t\t\t\t<span class=\"elementor-button-content-wrapper\">\n\t\t\t\t\t\t\t\t\t<span class=\"elementor-button-text\">Submeter CV<\/span>\n\t\t\t\t\t<\/span>\n\t\t\t\t\t<\/a>\n\t\t\t\t<\/div>\n\t\t\t\t\t\t\t\t<\/div>\n\t\t\t\t<\/div>\n\t\t\t\t\t<\/div>\n\t\t<\/div>\n\t\t\t\t\t<\/div>\n\t\t<\/section>\n\t\t\t\t<\/div>\n\t\t","protected":false},"excerpt":{"rendered":"<p>Submete o teu CV! Est\u00e1s \u00e0 procura de uma oportunidade de est\u00e1gio ou emprego na \u00e1rea da Engenharia Biom\u00e9dica? Submete o teu [&hellip;]<\/p>\n","protected":false},"author":1,"featured_media":0,"parent":0,"menu_order":0,"comment_status":"closed","ping_status":"closed","template":"elementor_header_footer","meta":{"_monsterinsights_skip_tracking":false,"_monsterinsights_sitenote_active":false,"_monsterinsights_sitenote_note":"","_monsterinsights_sitenote_category":0,"footnotes":""},"class_list":["post-1752","page","type-page","status-publish","hentry"],"_links":{"self":[{"href":"https:\/\/nedf.pt\/index.php\/wp-json\/wp\/v2\/pages\/1752","targetHints":{"allow":["GET"]}}],"collection":[{"href":"https:\/\/nedf.pt\/index.php\/wp-json\/wp\/v2\/pages"}],"about":[{"href":"https:\/\/nedf.pt\/index.php\/wp-json\/wp\/v2\/types\/page"}],"author":[{"embeddable":true,"href":"https:\/\/nedf.pt\/index.php\/wp-json\/wp\/v2\/users\/1"}],"replies":[{"embeddable":true,"href":"https:\/\/nedf.pt\/index.php\/wp-json\/wp\/v2\/comments?post=1752"}],"version-history":[{"count":5,"href":"https:\/\/nedf.pt\/index.php\/wp-json\/wp\/v2\/pages\/1752\/revisions"}],"predecessor-version":[{"id":1768,"href":"https:\/\/nedf.pt\/index.php\/wp-json\/wp\/v2\/pages\/1752\/revisions\/1768"}],"wp:attachment":[{"href":"https:\/\/nedf.pt\/index.php\/wp-json\/wp\/v2\/media?parent=1752"}],"curies":[{"name":"wp","href":"https:\/\/api.w.org\/{rel}","templated":true}]}}