{"id":3736,"date":"2025-11-22T22:34:44","date_gmt":"2025-11-22T22:34:44","guid":{"rendered":"https:\/\/nedf.pt\/?page_id=3736"},"modified":"2025-12-22T16:37:21","modified_gmt":"2025-12-22T16:37:21","slug":"podcast-desportivo","status":"publish","type":"page","link":"https:\/\/nedf.pt\/index.php\/podcast-desportivo\/","title":{"rendered":"Podcast Atletas"},"content":{"rendered":"\t\t<div data-elementor-type=\"wp-page\" data-elementor-id=\"3736\" class=\"elementor elementor-3736\" data-elementor-post-type=\"page\">\n\t\t\t\t\t\t<section class=\"elementor-section elementor-top-section elementor-element elementor-element-d04add0 elementor-section-boxed elementor-section-height-default elementor-section-height-default\" data-id=\"d04add0\" data-element_type=\"section\" data-e-type=\"section\">\n\t\t\t\t\t\t<div class=\"elementor-container elementor-column-gap-default\">\n\t\t\t\t\t<div class=\"elementor-column elementor-col-100 elementor-top-column elementor-element elementor-element-fca8f39\" data-id=\"fca8f39\" data-element_type=\"column\" data-e-type=\"column\">\n\t\t\t<div class=\"elementor-widget-wrap elementor-element-populated\">\n\t\t\t\t\t\t<div class=\"elementor-element elementor-element-5551b47 elementor-widget elementor-widget-spacer\" data-id=\"5551b47\" data-element_type=\"widget\" data-e-type=\"widget\" data-widget_type=\"spacer.default\">\n\t\t\t\t<div class=\"elementor-widget-container\">\n\t\t\t\t\t\t\t<div class=\"elementor-spacer\">\n\t\t\t<div class=\"elementor-spacer-inner\"><\/div>\n\t\t<\/div>\n\t\t\t\t\t\t<\/div>\n\t\t\t\t<\/div>\n\t\t\t\t\t<\/div>\n\t\t<\/div>\n\t\t\t\t\t<\/div>\n\t\t<\/section>\n\t\t\t\t<section class=\"elementor-section elementor-top-section elementor-element elementor-element-6ecaea9 elementor-section-boxed elementor-section-height-default elementor-section-height-default\" data-id=\"6ecaea9\" data-element_type=\"section\" data-e-type=\"section\">\n\t\t\t\t\t\t<div class=\"elementor-container elementor-column-gap-default\">\n\t\t\t\t\t<div class=\"elementor-column elementor-col-100 elementor-top-column elementor-element elementor-element-07ddd47\" data-id=\"07ddd47\" data-element_type=\"column\" data-e-type=\"column\">\n\t\t\t<div class=\"elementor-widget-wrap elementor-element-populated\">\n\t\t\t\t\t\t<div class=\"elementor-element elementor-element-19ae352 elementor-widget elementor-widget-heading\" data-id=\"19ae352\" data-element_type=\"widget\" data-e-type=\"widget\" data-widget_type=\"heading.default\">\n\t\t\t\t<div class=\"elementor-widget-container\">\n\t\t\t\t\t<h2 class=\"elementor-heading-title elementor-size-default\">Podcast atletas<\/h2>\t\t\t\t<\/div>\n\t\t\t\t<\/div>\n\t\t\t\t<div class=\"elementor-element elementor-element-1aea0aa elementor-widget elementor-widget-heading\" data-id=\"1aea0aa\" data-element_type=\"widget\" data-e-type=\"widget\" data-widget_type=\"heading.default\">\n\t\t\t\t<div class=\"elementor-widget-container\">\n\t\t\t\t\t<h2 class=\"elementor-heading-title elementor-size-default\">Pelouro Recreativo Desportivo<\/h2>\t\t\t\t<\/div>\n\t\t\t\t<\/div>\n\t\t\t\t\t<\/div>\n\t\t<\/div>\n\t\t\t\t\t<\/div>\n\t\t<\/section>\n\t\t\t\t<section class=\"elementor-section elementor-top-section elementor-element elementor-element-d431f81 elementor-section-boxed elementor-section-height-default elementor-section-height-default\" data-id=\"d431f81\" data-element_type=\"section\" data-e-type=\"section\">\n\t\t\t\t\t\t<div class=\"elementor-container elementor-column-gap-default\">\n\t\t\t\t\t<div class=\"elementor-column elementor-col-100 elementor-top-column elementor-element elementor-element-92a45c8\" data-id=\"92a45c8\" data-element_type=\"column\" data-e-type=\"column\">\n\t\t\t<div class=\"elementor-widget-wrap elementor-element-populated\">\n\t\t\t\t\t\t<div class=\"elementor-element elementor-element-9238a1c elementor-widget elementor-widget-spacer\" data-id=\"9238a1c\" data-element_type=\"widget\" data-e-type=\"widget\" data-widget_type=\"spacer.default\">\n\t\t\t\t<div class=\"elementor-widget-container\">\n\t\t\t\t\t\t\t<div class=\"elementor-spacer\">\n\t\t\t<div class=\"elementor-spacer-inner\"><\/div>\n\t\t<\/div>\n\t\t\t\t\t\t<\/div>\n\t\t\t\t<\/div>\n\t\t\t\t\t<\/div>\n\t\t<\/div>\n\t\t\t\t\t<\/div>\n\t\t<\/section>\n\t\t\t\t<section class=\"elementor-section elementor-top-section elementor-element elementor-element-a4718cb elementor-section-boxed elementor-section-height-default elementor-section-height-default\" data-id=\"a4718cb\" data-element_type=\"section\" data-e-type=\"section\">\n\t\t\t\t\t\t<div class=\"elementor-container elementor-column-gap-default\">\n\t\t\t\t\t<div class=\"elementor-column elementor-col-50 elementor-top-column elementor-element elementor-element-aa2aa70\" data-id=\"aa2aa70\" data-element_type=\"column\" data-e-type=\"column\">\n\t\t\t<div class=\"elementor-widget-wrap elementor-element-populated\">\n\t\t\t\t\t\t<div class=\"elementor-element elementor-element-e0ac188 elementor-widget elementor-widget-image\" data-id=\"e0ac188\" data-element_type=\"widget\" data-e-type=\"widget\" data-widget_type=\"image.default\">\n\t\t\t\t<div class=\"elementor-widget-container\">\n\t\t\t\t\t\t\t\t\t\t\t\t\t\t\t<img fetchpriority=\"high\" decoding=\"async\" width=\"230\" height=\"409\" src=\"https:\/\/dddd.nedf.pt\/wp-content\/uploads\/2025\/11\/Podcast-Capas-Reels-230x409.png\" class=\"attachment-sydney-small-thumb size-sydney-small-thumb wp-image-3984\" alt=\"\" srcset=\"https:\/\/dddd.nedf.pt\/wp-content\/uploads\/2025\/11\/Podcast-Capas-Reels-230x409.png 230w, https:\/\/dddd.nedf.pt\/wp-content\/uploads\/2025\/11\/Podcast-Capas-Reels-169x300.png 169w, https:\/\/dddd.nedf.pt\/wp-content\/uploads\/2025\/11\/Podcast-Capas-Reels-576x1024.png 576w, https:\/\/dddd.nedf.pt\/wp-content\/uploads\/2025\/11\/Podcast-Capas-Reels-768x1365.png 768w, https:\/\/dddd.nedf.pt\/wp-content\/uploads\/2025\/11\/Podcast-Capas-Reels-864x1536.png 864w, https:\/\/dddd.nedf.pt\/wp-content\/uploads\/2025\/11\/Podcast-Capas-Reels-1000x1778.png 1000w, https:\/\/dddd.nedf.pt\/wp-content\/uploads\/2025\/11\/Podcast-Capas-Reels-350x622.png 350w, https:\/\/dddd.nedf.pt\/wp-content\/uploads\/2025\/11\/Podcast-Capas-Reels-480x853.png 480w, https:\/\/dddd.nedf.pt\/wp-content\/uploads\/2025\/11\/Podcast-Capas-Reels.png 1080w\" sizes=\"(max-width: 230px) 100vw, 230px\" \/>\t\t\t\t\t\t\t\t\t\t\t\t\t\t\t<\/div>\n\t\t\t\t<\/div>\n\t\t\t\t\t<\/div>\n\t\t<\/div>\n\t\t\t\t<div class=\"elementor-column elementor-col-50 elementor-top-column elementor-element elementor-element-828e32c\" data-id=\"828e32c\" data-element_type=\"column\" data-e-type=\"column\">\n\t\t\t<div class=\"elementor-widget-wrap elementor-element-populated\">\n\t\t\t\t\t\t<div class=\"elementor-element elementor-element-8b2df51 elementor-widget elementor-widget-spacer\" data-id=\"8b2df51\" data-element_type=\"widget\" data-e-type=\"widget\" data-widget_type=\"spacer.default\">\n\t\t\t\t<div class=\"elementor-widget-container\">\n\t\t\t\t\t\t\t<div class=\"elementor-spacer\">\n\t\t\t<div class=\"elementor-spacer-inner\"><\/div>\n\t\t<\/div>\n\t\t\t\t\t\t<\/div>\n\t\t\t\t<\/div>\n\t\t\t\t<div class=\"elementor-element elementor-element-764be5f elementor-widget elementor-widget-heading\" data-id=\"764be5f\" data-element_type=\"widget\" data-e-type=\"widget\" data-widget_type=\"heading.default\">\n\t\t\t\t<div class=\"elementor-widget-container\">\n\t\t\t\t\t<h2 class=\"elementor-heading-title elementor-size-default\">#1 - Futsal e futebol<\/h2>\t\t\t\t<\/div>\n\t\t\t\t<\/div>\n\t\t\t\t<div class=\"elementor-element elementor-element-9846a94 elementor-widget elementor-widget-text-editor\" data-id=\"9846a94\" data-element_type=\"widget\" data-e-type=\"widget\" data-widget_type=\"text-editor.default\">\n\t\t\t\t<div class=\"elementor-widget-container\">\n\t\t\t\t\t\t\t\t\t<p>No 1\u00ba epis\u00f3dio do Podcast Atletas abord\u00e1mos os primeiros dois desportos da r\u00fabrica: Futsal e Futebol.<\/p><p>Uma conversa onde Gustavo Jesus e Diogo Correia partilharam a experi\u00eancia no futebol e no futsal, os desafios de competir e a gest\u00e3o entre treinos, jogos e vida acad\u00e9mica.<\/p><p>J\u00e1 podes ouvir o epis\u00f3dio completo no Spotify!<\/p>\t\t\t\t\t\t\t\t<\/div>\n\t\t\t\t<\/div>\n\t\t\t\t<div class=\"elementor-element elementor-element-14ecae4 elementor-align-center elementor-widget elementor-widget-button\" data-id=\"14ecae4\" data-element_type=\"widget\" data-e-type=\"widget\" data-widget_type=\"button.default\">\n\t\t\t\t<div class=\"elementor-widget-container\">\n\t\t\t\t\t\t\t\t\t<div class=\"elementor-button-wrapper\">\n\t\t\t\t\t<a class=\"elementor-button elementor-button-link elementor-size-sm\" href=\"https:\/\/open.spotify.com\/episode\/54crrcvP9xqMPXn7KeehTj?si=052cbf9190744f98\" target=\"_blank\">\n\t\t\t\t\t\t<span class=\"elementor-button-content-wrapper\">\n\t\t\t\t\t\t\t\t\t<span class=\"elementor-button-text\">Epis\u00f3dio 1<\/span>\n\t\t\t\t\t<\/span>\n\t\t\t\t\t<\/a>\n\t\t\t\t<\/div>\n\t\t\t\t\t\t\t\t<\/div>\n\t\t\t\t<\/div>\n\t\t\t\t\t<\/div>\n\t\t<\/div>\n\t\t\t\t\t<\/div>\n\t\t<\/section>\n\t\t\t\t<section class=\"elementor-section elementor-top-section elementor-element elementor-element-6c63fa9 elementor-section-boxed elementor-section-height-default elementor-section-height-default\" data-id=\"6c63fa9\" data-element_type=\"section\" data-e-type=\"section\">\n\t\t\t\t\t\t<div class=\"elementor-container elementor-column-gap-default\">\n\t\t\t\t\t<div class=\"elementor-column elementor-col-100 elementor-top-column elementor-element elementor-element-2f67d18\" data-id=\"2f67d18\" data-element_type=\"column\" data-e-type=\"column\">\n\t\t\t<div class=\"elementor-widget-wrap elementor-element-populated\">\n\t\t\t\t\t\t<div class=\"elementor-element elementor-element-734f73a elementor-widget elementor-widget-spacer\" data-id=\"734f73a\" data-element_type=\"widget\" data-e-type=\"widget\" data-widget_type=\"spacer.default\">\n\t\t\t\t<div class=\"elementor-widget-container\">\n\t\t\t\t\t\t\t<div class=\"elementor-spacer\">\n\t\t\t<div class=\"elementor-spacer-inner\"><\/div>\n\t\t<\/div>\n\t\t\t\t\t\t<\/div>\n\t\t\t\t<\/div>\n\t\t\t\t\t<\/div>\n\t\t<\/div>\n\t\t\t\t\t<\/div>\n\t\t<\/section>\n\t\t\t\t<section class=\"elementor-section elementor-top-section elementor-element elementor-element-b2c438a elementor-section-boxed elementor-section-height-default elementor-section-height-default\" data-id=\"b2c438a\" data-element_type=\"section\" data-e-type=\"section\">\n\t\t\t\t\t\t<div class=\"elementor-container elementor-column-gap-default\">\n\t\t\t\t\t<div class=\"elementor-column elementor-col-50 elementor-top-column elementor-element elementor-element-ad6bd7a\" data-id=\"ad6bd7a\" data-element_type=\"column\" data-e-type=\"column\">\n\t\t\t<div class=\"elementor-widget-wrap elementor-element-populated\">\n\t\t\t\t\t\t<div class=\"elementor-element elementor-element-09fda8c elementor-widget elementor-widget-image\" data-id=\"09fda8c\" data-element_type=\"widget\" data-e-type=\"widget\" data-widget_type=\"image.default\">\n\t\t\t\t<div class=\"elementor-widget-container\">\n\t\t\t\t\t\t\t\t\t\t\t\t\t\t\t<img decoding=\"async\" width=\"230\" height=\"409\" src=\"https:\/\/dddd.nedf.pt\/wp-content\/uploads\/2025\/12\/Podcast-Capas-Reels-7-230x409.jpg\" class=\"attachment-sydney-small-thumb size-sydney-small-thumb wp-image-4177\" alt=\"\" srcset=\"https:\/\/dddd.nedf.pt\/wp-content\/uploads\/2025\/12\/Podcast-Capas-Reels-7-230x409.jpg 230w, https:\/\/dddd.nedf.pt\/wp-content\/uploads\/2025\/12\/Podcast-Capas-Reels-7-169x300.jpg 169w, https:\/\/dddd.nedf.pt\/wp-content\/uploads\/2025\/12\/Podcast-Capas-Reels-7-576x1024.jpg 576w, https:\/\/dddd.nedf.pt\/wp-content\/uploads\/2025\/12\/Podcast-Capas-Reels-7-768x1365.jpg 768w, https:\/\/dddd.nedf.pt\/wp-content\/uploads\/2025\/12\/Podcast-Capas-Reels-7-864x1536.jpg 864w, https:\/\/dddd.nedf.pt\/wp-content\/uploads\/2025\/12\/Podcast-Capas-Reels-7-1000x1778.jpg 1000w, https:\/\/dddd.nedf.pt\/wp-content\/uploads\/2025\/12\/Podcast-Capas-Reels-7-350x622.jpg 350w, https:\/\/dddd.nedf.pt\/wp-content\/uploads\/2025\/12\/Podcast-Capas-Reels-7-480x853.jpg 480w, https:\/\/dddd.nedf.pt\/wp-content\/uploads\/2025\/12\/Podcast-Capas-Reels-7.jpg 1080w\" sizes=\"(max-width: 230px) 100vw, 230px\" \/>\t\t\t\t\t\t\t\t\t\t\t\t\t\t\t<\/div>\n\t\t\t\t<\/div>\n\t\t\t\t\t<\/div>\n\t\t<\/div>\n\t\t\t\t<div class=\"elementor-column elementor-col-50 elementor-top-column elementor-element elementor-element-57682b4\" data-id=\"57682b4\" data-element_type=\"column\" data-e-type=\"column\">\n\t\t\t<div class=\"elementor-widget-wrap elementor-element-populated\">\n\t\t\t\t\t\t<div class=\"elementor-element elementor-element-81af3b6 elementor-widget elementor-widget-text-editor\" data-id=\"81af3b6\" data-element_type=\"widget\" data-e-type=\"widget\" data-widget_type=\"text-editor.default\">\n\t\t\t\t<div class=\"elementor-widget-container\">\n\t\t\t\t\t\t\t\t\t<div class=\"elementor-element elementor-element-edit-mode elementor-element-764be5f elementor-element--toggle-edit-tools elementor-widget elementor-widget-heading ui-resizable\" data-id=\"764be5f\" data-element_type=\"widget\" data-model-cid=\"c70\" data-widget_type=\"heading.default\"><div class=\"elementor-widget-container\"><h2 class=\"elementor-heading-title elementor-size-default elementor-inline-editing\" data-elementor-setting-key=\"title\">#2 &#8211; Nata\u00e7\u00e3o<\/h2><\/div><div class=\"ui-resizable-handle ui-resizable-e\">\u00a0<\/div><div class=\"ui-resizable-handle ui-resizable-w\">\u00a0<\/div><\/div><div class=\"elementor-element elementor-element-edit-mode elementor-element-9846a94 elementor-element--toggle-edit-tools elementor-widget elementor-widget-text-editor ui-resizable\" data-id=\"9846a94\" data-element_type=\"widget\" data-model-cid=\"c73\" data-widget_type=\"text-editor.default\"><div class=\"elementor-element-overlay\"><p>\u00a0<\/p><\/div><div class=\"elementor-widget-container\"><div class=\"elementor-text-editor elementor-clearfix elementor-inline-editing\" data-elementor-setting-key=\"editor\" data-elementor-inline-editing-toolbar=\"advanced\"><p>No 2\u00ba epis\u00f3dio do Podcast Atletas, falamos com o atleta Diogo Cancela sobre nata\u00e7\u00e3o, percurso desportivo, desafios, conquistas e tudo o que se constr\u00f3i dentro e fora da piscina.\u00a0<\/p><p>J\u00e1 podes ouvir o epis\u00f3dio completo no Spotify!<\/p><p>\u00a0<\/p><\/div><\/div><\/div>\t\t\t\t\t\t\t\t<\/div>\n\t\t\t\t<\/div>\n\t\t\t\t<div class=\"elementor-element elementor-element-05073ab elementor-align-center elementor-widget elementor-widget-button\" data-id=\"05073ab\" data-element_type=\"widget\" data-e-type=\"widget\" data-widget_type=\"button.default\">\n\t\t\t\t<div class=\"elementor-widget-container\">\n\t\t\t\t\t\t\t\t\t<div class=\"elementor-button-wrapper\">\n\t\t\t\t\t<a class=\"elementor-button elementor-button-link elementor-size-sm\" href=\"https:\/\/open.spotify.com\/episode\/0wplVRfPfc4EBr3B66EdM2?si=27ae50fbe37044bd\" target=\"_blank\">\n\t\t\t\t\t\t<span class=\"elementor-button-content-wrapper\">\n\t\t\t\t\t\t\t\t\t<span class=\"elementor-button-text\">Epis\u00f3dio 2<\/span>\n\t\t\t\t\t<\/span>\n\t\t\t\t\t<\/a>\n\t\t\t\t<\/div>\n\t\t\t\t\t\t\t\t<\/div>\n\t\t\t\t<\/div>\n\t\t\t\t\t<\/div>\n\t\t<\/div>\n\t\t\t\t\t<\/div>\n\t\t<\/section>\n\t\t\t\t<\/div>\n\t\t","protected":false},"excerpt":{"rendered":"<p>Podcast atletas Pelouro Recreativo Desportivo #1 &#8211; Futsal e futebol No 1\u00ba epis\u00f3dio do Podcast Atletas abord\u00e1mos os primeiros dois desportos da [&hellip;]<\/p>\n","protected":false},"author":1,"featured_media":0,"parent":0,"menu_order":0,"comment_status":"closed","ping_status":"closed","template":"elementor_header_footer","meta":{"_monsterinsights_skip_tracking":false,"_monsterinsights_sitenote_active":false,"_monsterinsights_sitenote_note":"","_monsterinsights_sitenote_category":0,"footnotes":""},"class_list":["post-3736","page","type-page","status-publish","hentry"],"_links":{"self":[{"href":"https:\/\/nedf.pt\/index.php\/wp-json\/wp\/v2\/pages\/3736","targetHints":{"allow":["GET"]}}],"collection":[{"href":"https:\/\/nedf.pt\/index.php\/wp-json\/wp\/v2\/pages"}],"about":[{"href":"https:\/\/nedf.pt\/index.php\/wp-json\/wp\/v2\/types\/page"}],"author":[{"embeddable":true,"href":"https:\/\/nedf.pt\/index.php\/wp-json\/wp\/v2\/users\/1"}],"replies":[{"embeddable":true,"href":"https:\/\/nedf.pt\/index.php\/wp-json\/wp\/v2\/comments?post=3736"}],"version-history":[{"count":32,"href":"https:\/\/nedf.pt\/index.php\/wp-json\/wp\/v2\/pages\/3736\/revisions"}],"predecessor-version":[{"id":4183,"href":"https:\/\/nedf.pt\/index.php\/wp-json\/wp\/v2\/pages\/3736\/revisions\/4183"}],"wp:attachment":[{"href":"https:\/\/nedf.pt\/index.php\/wp-json\/wp\/v2\/media?parent=3736"}],"curies":[{"name":"wp","href":"https:\/\/api.w.org\/{rel}","templated":true}]}}