{"id":3745,"date":"2025-11-23T20:37:11","date_gmt":"2025-11-23T20:37:11","guid":{"rendered":"https:\/\/nedf.pt\/?page_id=3745"},"modified":"2025-12-03T14:14:00","modified_gmt":"2025-12-03T14:14:00","slug":"latitude-nedfo","status":"publish","type":"page","link":"https:\/\/nedf.pt\/index.php\/latitude-nedfo\/","title":{"rendered":"Latitude NEDF\u00ba"},"content":{"rendered":"\t\t<div data-elementor-type=\"wp-page\" data-elementor-id=\"3745\" class=\"elementor elementor-3745\" data-elementor-post-type=\"page\">\n\t\t\t\t\t\t<section class=\"elementor-section elementor-top-section elementor-element elementor-element-9f0895a elementor-section-boxed elementor-section-height-default elementor-section-height-default\" data-id=\"9f0895a\" data-element_type=\"section\" data-e-type=\"section\">\n\t\t\t\t\t\t<div class=\"elementor-container elementor-column-gap-default\">\n\t\t\t\t\t<div class=\"elementor-column elementor-col-100 elementor-top-column elementor-element elementor-element-b664143\" data-id=\"b664143\" data-element_type=\"column\" data-e-type=\"column\">\n\t\t\t<div class=\"elementor-widget-wrap elementor-element-populated\">\n\t\t\t\t\t\t<div class=\"elementor-element elementor-element-3571d51 elementor-widget elementor-widget-spacer\" data-id=\"3571d51\" data-element_type=\"widget\" data-e-type=\"widget\" data-widget_type=\"spacer.default\">\n\t\t\t\t<div class=\"elementor-widget-container\">\n\t\t\t\t\t\t\t<div class=\"elementor-spacer\">\n\t\t\t<div class=\"elementor-spacer-inner\"><\/div>\n\t\t<\/div>\n\t\t\t\t\t\t<\/div>\n\t\t\t\t<\/div>\n\t\t\t\t<div class=\"elementor-element elementor-element-6559d58 elementor-widget elementor-widget-heading\" data-id=\"6559d58\" data-element_type=\"widget\" data-e-type=\"widget\" data-widget_type=\"heading.default\">\n\t\t\t\t<div class=\"elementor-widget-container\">\n\t\t\t\t\t<h2 class=\"elementor-heading-title elementor-size-default\">LATITUDE NEDF\u00ba<\/h2>\t\t\t\t<\/div>\n\t\t\t\t<\/div>\n\t\t\t\t<div class=\"elementor-element elementor-element-beb6b04 elementor-widget elementor-widget-heading\" data-id=\"beb6b04\" data-element_type=\"widget\" data-e-type=\"widget\" data-widget_type=\"heading.default\">\n\t\t\t\t<div class=\"elementor-widget-container\">\n\t\t\t\t\t<h2 class=\"elementor-heading-title elementor-size-default\">VIAGEM INTERNACIONAL<\/h2>\t\t\t\t<\/div>\n\t\t\t\t<\/div>\n\t\t\t\t<div class=\"elementor-element elementor-element-df9f9c8 elementor-widget elementor-widget-text-editor\" data-id=\"df9f9c8\" data-element_type=\"widget\" data-e-type=\"widget\" data-widget_type=\"text-editor.default\">\n\t\t\t\t<div class=\"elementor-widget-container\">\n\t\t\t\t\t\t\t\t\t<p data-start=\"210\" data-end=\"669\">A Latitude NEDF\u00ba \u00e9 a iniciativa internacional do N\u00facleo de Estudantes do Departamento de F\u00edsica da AAC, organizada pelo Pelouro de Rela\u00e7\u00f5es Externas e Internacionais.<\/p><p data-start=\"210\" data-end=\"669\">O seu principal objetivo \u00e9 proporcionar aos estudantes do Departamento de F\u00edsica uma oportunidade \u00fanica de contacto direto com centros de investiga\u00e7\u00e3o, empresas e universidades de refer\u00eancia no estrangeiro, permitindo-lhes explorar novas perspetivas acad\u00e9micas, cient\u00edficas e profissionais.<\/p><p data-start=\"671\" data-end=\"936\">Atrav\u00e9s desta experi\u00eancia, os participantes t\u00eam a possibilidade de conhecer diferentes realidades de trabalho e investiga\u00e7\u00e3o, compreender os desafios e avan\u00e7os da ci\u00eancia al\u00e9m-fronteiras e ampliar a sua vis\u00e3o sobre as oportunidades que podem vir a seguir no futuro.<\/p><p data-start=\"938\" data-end=\"1138\">Na sua 1.\u00aa edi\u00e7\u00e3o, o destino escolhido foi <strong data-start=\"981\" data-end=\"999\">Fran\u00e7a e Su\u00ed\u00e7a<\/strong>, com visitas ao <strong data-start=\"1016\" data-end=\"1024\">CERN<\/strong>, em Genebra, e ao <strong data-start=\"1043\" data-end=\"1051\">EMBL<\/strong>, em Grenoble, dois prestigiados centros cient\u00edficos da atualidade.<\/p><p data-start=\"938\" data-end=\"1138\">Podes-te inscrever atrav\u00e9s do link abaixo!<\/p>\t\t\t\t\t\t\t\t<\/div>\n\t\t\t\t<\/div>\n\t\t\t\t<div class=\"elementor-element elementor-element-826b054 elementor-align-center elementor-widget elementor-widget-button\" data-id=\"826b054\" data-element_type=\"widget\" data-e-type=\"widget\" data-widget_type=\"button.default\">\n\t\t\t\t<div class=\"elementor-widget-container\">\n\t\t\t\t\t\t\t\t\t<div class=\"elementor-button-wrapper\">\n\t\t\t\t\t<a class=\"elementor-button elementor-button-link elementor-size-sm\" href=\"https:\/\/tally.so\/r\/WOO55e\" target=\"_blank\">\n\t\t\t\t\t\t<span class=\"elementor-button-content-wrapper\">\n\t\t\t\t\t\t<span class=\"elementor-button-icon\">\n\t\t\t\t<i aria-hidden=\"true\" class=\"fas fa-plane\"><\/i>\t\t\t<\/span>\n\t\t\t\t\t\t\t\t\t<span class=\"elementor-button-text\">INSCRI\u00c7\u00d5ES FECHADAS!<\/span>\n\t\t\t\t\t<\/span>\n\t\t\t\t\t<\/a>\n\t\t\t\t<\/div>\n\t\t\t\t\t\t\t\t<\/div>\n\t\t\t\t<\/div>\n\t\t\t\t<div class=\"elementor-element elementor-element-9c1fc66 elementor-widget elementor-widget-spacer\" data-id=\"9c1fc66\" data-element_type=\"widget\" data-e-type=\"widget\" data-widget_type=\"spacer.default\">\n\t\t\t\t<div class=\"elementor-widget-container\">\n\t\t\t\t\t\t\t<div class=\"elementor-spacer\">\n\t\t\t<div class=\"elementor-spacer-inner\"><\/div>\n\t\t<\/div>\n\t\t\t\t\t\t<\/div>\n\t\t\t\t<\/div>\n\t\t\t\t\t<\/div>\n\t\t<\/div>\n\t\t\t\t\t<\/div>\n\t\t<\/section>\n\t\t\t\t<section class=\"elementor-section elementor-top-section elementor-element elementor-element-8054522 elementor-section-boxed elementor-section-height-default elementor-section-height-default\" data-id=\"8054522\" data-element_type=\"section\" data-e-type=\"section\">\n\t\t\t\t\t\t<div class=\"elementor-container elementor-column-gap-default\">\n\t\t\t\t\t<div class=\"elementor-column elementor-col-25 elementor-top-column elementor-element elementor-element-b4d65bd\" data-id=\"b4d65bd\" data-element_type=\"column\" data-e-type=\"column\">\n\t\t\t<div class=\"elementor-widget-wrap elementor-element-populated\">\n\t\t\t\t\t\t<div class=\"elementor-element elementor-element-f28492d elementor-flip-box--effect-fade elementor-widget elementor-widget-flip-box\" data-id=\"f28492d\" data-element_type=\"widget\" data-e-type=\"widget\" data-widget_type=\"flip-box.default\">\n\t\t\t\t<div class=\"elementor-widget-container\">\n\t\t\t\t\t\t\t<div class=\"elementor-flip-box\" tabindex=\"0\">\n\t\t\t<div class=\"elementor-flip-box__layer elementor-flip-box__front\">\n\t\t\t\t<div class=\"elementor-flip-box__layer__overlay\">\n\t\t\t\t\t<div class=\"elementor-flip-box__layer__inner\">\n\t\t\t\t\t\t\t\t\t\t\t\t\t<div class=\"elementor-icon-wrapper elementor-view-default\">\n\t\t\t\t\t\t\t\t<div class=\"elementor-icon\">\n\t\t\t\t\t\t\t\t\t<i aria-hidden=\"true\" class=\"far fa-calendar-alt\"><\/i>\t\t\t\t\t\t\t\t<\/div>\n\t\t\t\t\t\t\t<\/div>\n\t\t\t\t\t\t\n\t\t\t\t\t\t\t\t\t\t\t\t\t<h3 class=\"elementor-flip-box__layer__title\">\n\t\t\t\t\t\t\t\tDATAS\t\t\t\t\t\t\t<\/h3>\n\t\t\t\t\t\t\n\t\t\t\t\t\t\t\t\t\t\t<\/div>\n\t\t\t\t<\/div>\n\t\t\t<\/div>\n\t\t\t<div class=\"elementor-flip-box__layer elementor-flip-box__back\">\n\t\t\t<div class=\"elementor-flip-box__layer__overlay\">\n\t\t\t\t<div class=\"elementor-flip-box__layer__inner\">\n\t\t\t\t\t\t\t\t\t\t\t<h3 class=\"elementor-flip-box__layer__title\">\n\t\t\t\t\t\t\t30 de mar\u00e7o a 2 de abril\t\t\t\t\t\t<\/h3>\n\t\t\t\t\t\n\t\t\t\t\t\t\t\t\t\t\t<div class=\"elementor-flip-box__layer__description\">\n\t\t\t\t\t\t\t4 dias e 3 noites\t\t\t\t\t\t<\/div>\n\t\t\t\t\t\n\t\t\t\t\t\t\t\t<\/div>\n\t\t<\/div>\n\t\t<\/div>\n\t\t<\/div>\n\t\t\t\t\t\t<\/div>\n\t\t\t\t<\/div>\n\t\t\t\t\t<\/div>\n\t\t<\/div>\n\t\t\t\t<div class=\"elementor-column elementor-col-25 elementor-top-column elementor-element elementor-element-28646c6\" data-id=\"28646c6\" data-element_type=\"column\" data-e-type=\"column\">\n\t\t\t<div class=\"elementor-widget-wrap elementor-element-populated\">\n\t\t\t\t\t\t<div class=\"elementor-element elementor-element-38522a6 elementor-flip-box--effect-fade elementor-widget elementor-widget-flip-box\" data-id=\"38522a6\" data-element_type=\"widget\" data-e-type=\"widget\" data-widget_type=\"flip-box.default\">\n\t\t\t\t<div class=\"elementor-widget-container\">\n\t\t\t\t\t\t\t<div class=\"elementor-flip-box\" tabindex=\"0\">\n\t\t\t<div class=\"elementor-flip-box__layer elementor-flip-box__front\">\n\t\t\t\t<div class=\"elementor-flip-box__layer__overlay\">\n\t\t\t\t\t<div class=\"elementor-flip-box__layer__inner\">\n\t\t\t\t\t\t\t\t\t\t\t\t\t<div class=\"elementor-icon-wrapper elementor-view-default\">\n\t\t\t\t\t\t\t\t<div class=\"elementor-icon\">\n\t\t\t\t\t\t\t\t\t<i aria-hidden=\"true\" class=\"fas fa-money-bill\"><\/i>\t\t\t\t\t\t\t\t<\/div>\n\t\t\t\t\t\t\t<\/div>\n\t\t\t\t\t\t\n\t\t\t\t\t\t\t\t\t\t\t\t\t<h3 class=\"elementor-flip-box__layer__title\">\n\t\t\t\t\t\t\t\tPRE\u00c7O\t\t\t\t\t\t\t<\/h3>\n\t\t\t\t\t\t\n\t\t\t\t\t\t\t\t\t\t\t<\/div>\n\t\t\t\t<\/div>\n\t\t\t<\/div>\n\t\t\t<div class=\"elementor-flip-box__layer elementor-flip-box__back\">\n\t\t\t<div class=\"elementor-flip-box__layer__overlay\">\n\t\t\t\t<div class=\"elementor-flip-box__layer__inner\">\n\t\t\t\t\t\t\t\t\t\t\t<h3 class=\"elementor-flip-box__layer__title\">\n\t\t\t\t\t\t\t350\u20ac\t\t\t\t\t\t<\/h3>\n\t\t\t\t\t\n\t\t\t\t\t\n\t\t\t\t\t\t\t\t<\/div>\n\t\t<\/div>\n\t\t<\/div>\n\t\t<\/div>\n\t\t\t\t\t\t<\/div>\n\t\t\t\t<\/div>\n\t\t\t\t\t<\/div>\n\t\t<\/div>\n\t\t\t\t<div class=\"elementor-column elementor-col-25 elementor-top-column elementor-element elementor-element-ae12081\" data-id=\"ae12081\" data-element_type=\"column\" data-e-type=\"column\">\n\t\t\t<div class=\"elementor-widget-wrap elementor-element-populated\">\n\t\t\t\t\t\t<div class=\"elementor-element elementor-element-1878465 elementor-flip-box--effect-fade elementor-widget elementor-widget-flip-box\" data-id=\"1878465\" data-element_type=\"widget\" data-e-type=\"widget\" data-widget_type=\"flip-box.default\">\n\t\t\t\t<div class=\"elementor-widget-container\">\n\t\t\t\t\t\t\t<div class=\"elementor-flip-box\" tabindex=\"0\">\n\t\t\t<div class=\"elementor-flip-box__layer elementor-flip-box__front\">\n\t\t\t\t<div class=\"elementor-flip-box__layer__overlay\">\n\t\t\t\t\t<div class=\"elementor-flip-box__layer__inner\">\n\t\t\t\t\t\t\t\t\t\t\t\t\t<div class=\"elementor-icon-wrapper elementor-view-default\">\n\t\t\t\t\t\t\t\t<div class=\"elementor-icon\">\n\t\t\t\t\t\t\t\t\t<i aria-hidden=\"true\" class=\"fas fa-file-alt\"><\/i>\t\t\t\t\t\t\t\t<\/div>\n\t\t\t\t\t\t\t<\/div>\n\t\t\t\t\t\t\n\t\t\t\t\t\t\t\t\t\t\t\t\t<h3 class=\"elementor-flip-box__layer__title\">\n\t\t\t\t\t\t\t\tINSCRI\u00c7\u00d5ES\t\t\t\t\t\t\t<\/h3>\n\t\t\t\t\t\t\n\t\t\t\t\t\t\t\t\t\t\t<\/div>\n\t\t\t\t<\/div>\n\t\t\t<\/div>\n\t\t\t<div class=\"elementor-flip-box__layer elementor-flip-box__back\">\n\t\t\t<div class=\"elementor-flip-box__layer__overlay\">\n\t\t\t\t<div class=\"elementor-flip-box__layer__inner\">\n\t\t\t\t\t\t\t\t\t\t\t<h3 class=\"elementor-flip-box__layer__title\">\n\t\t\t\t\t\t\t28 vagas\t\t\t\t\t\t<\/h3>\n\t\t\t\t\t\n\t\t\t\t\t\t\t\t\t\t\t<div class=\"elementor-flip-box__layer__description\">\n\t\t\t\t\t\t\tO formul\u00e1rio de inscri\u00e7\u00e3o abre \u00e0s 21h de dia 26 de novembro de 2025. \nA inscri\u00e7\u00e3o \u00e9 feita por ordem de preenchimento.\t\t\t\t\t\t<\/div>\n\t\t\t\t\t\n\t\t\t\t\t\t\t\t<\/div>\n\t\t<\/div>\n\t\t<\/div>\n\t\t<\/div>\n\t\t\t\t\t\t<\/div>\n\t\t\t\t<\/div>\n\t\t\t\t\t<\/div>\n\t\t<\/div>\n\t\t\t\t<div class=\"elementor-column elementor-col-25 elementor-top-column elementor-element elementor-element-7292563\" data-id=\"7292563\" data-element_type=\"column\" data-e-type=\"column\">\n\t\t\t<div class=\"elementor-widget-wrap elementor-element-populated\">\n\t\t\t\t\t\t<div class=\"elementor-element elementor-element-c8904fb elementor-flip-box--effect-fade elementor-widget elementor-widget-flip-box\" data-id=\"c8904fb\" data-element_type=\"widget\" data-e-type=\"widget\" data-widget_type=\"flip-box.default\">\n\t\t\t\t<div class=\"elementor-widget-container\">\n\t\t\t\t\t\t\t<div class=\"elementor-flip-box\" tabindex=\"0\">\n\t\t\t<div class=\"elementor-flip-box__layer elementor-flip-box__front\">\n\t\t\t\t<div class=\"elementor-flip-box__layer__overlay\">\n\t\t\t\t\t<div class=\"elementor-flip-box__layer__inner\">\n\t\t\t\t\t\t\t\t\t\t\t\t\t<div class=\"elementor-icon-wrapper elementor-view-default\">\n\t\t\t\t\t\t\t\t<div class=\"elementor-icon\">\n\t\t\t\t\t\t\t\t\t<i aria-hidden=\"true\" class=\"fas fa-money-check-alt\"><\/i>\t\t\t\t\t\t\t\t<\/div>\n\t\t\t\t\t\t\t<\/div>\n\t\t\t\t\t\t\n\t\t\t\t\t\t\t\t\t\t\t\t\t<h3 class=\"elementor-flip-box__layer__title\">\n\t\t\t\t\t\t\t\tPAGAMENTOS\t\t\t\t\t\t\t<\/h3>\n\t\t\t\t\t\t\n\t\t\t\t\t\t\t\t\t\t\t<\/div>\n\t\t\t\t<\/div>\n\t\t\t<\/div>\n\t\t\t<div class=\"elementor-flip-box__layer elementor-flip-box__back\">\n\t\t\t<div class=\"elementor-flip-box__layer__overlay\">\n\t\t\t\t<div class=\"elementor-flip-box__layer__inner\">\n\t\t\t\t\t\t\t\t\t\t\t<h3 class=\"elementor-flip-box__layer__title\">\n\t\t\t\t\t\t\t3 presta\u00e7\u00f5es\t\t\t\t\t\t<\/h3>\n\t\t\t\t\t\n\t\t\t\t\t\t\t\t\t\t\t<div class=\"elementor-flip-box__layer__description\">\n\t\t\t\t\t\t\t1\u00aa Presta\u00e7\u00e3o: 1-6 de dezembro 2025.\n2\u00aa Presta\u00e7\u00e3o: 11-15 de janeiro de 2026\n3\u00aa Presta\u00e7\u00e3o: 9-13 de fevereiro de 2026\t\t\t\t\t\t<\/div>\n\t\t\t\t\t\n\t\t\t\t\t\t\t\t<\/div>\n\t\t<\/div>\n\t\t<\/div>\n\t\t<\/div>\n\t\t\t\t\t\t<\/div>\n\t\t\t\t<\/div>\n\t\t\t\t\t<\/div>\n\t\t<\/div>\n\t\t\t\t\t<\/div>\n\t\t<\/section>\n\t\t\t\t<section class=\"elementor-section elementor-top-section elementor-element elementor-element-5c0726a elementor-section-boxed elementor-section-height-default elementor-section-height-default\" data-id=\"5c0726a\" data-element_type=\"section\" data-e-type=\"section\">\n\t\t\t\t\t\t<div class=\"elementor-container elementor-column-gap-default\">\n\t\t\t\t\t<div class=\"elementor-column elementor-col-100 elementor-top-column elementor-element elementor-element-a3bfe20\" data-id=\"a3bfe20\" data-element_type=\"column\" data-e-type=\"column\">\n\t\t\t<div class=\"elementor-widget-wrap elementor-element-populated\">\n\t\t\t\t\t\t<div class=\"elementor-element elementor-element-4be9534 elementor-widget elementor-widget-spacer\" data-id=\"4be9534\" data-element_type=\"widget\" data-e-type=\"widget\" data-widget_type=\"spacer.default\">\n\t\t\t\t<div class=\"elementor-widget-container\">\n\t\t\t\t\t\t\t<div class=\"elementor-spacer\">\n\t\t\t<div class=\"elementor-spacer-inner\"><\/div>\n\t\t<\/div>\n\t\t\t\t\t\t<\/div>\n\t\t\t\t<\/div>\n\t\t\t\t<div class=\"elementor-element elementor-element-2a6b550 elementor-widget elementor-widget-toggle\" data-id=\"2a6b550\" data-element_type=\"widget\" data-e-type=\"widget\" data-widget_type=\"toggle.default\">\n\t\t\t\t<div class=\"elementor-widget-container\">\n\t\t\t\t\t\t\t<div class=\"elementor-toggle\">\n\t\t\t\t\t\t\t<div class=\"elementor-toggle-item\">\n\t\t\t\t\t<h6 id=\"elementor-tab-title-4441\" class=\"elementor-tab-title\" data-tab=\"1\" role=\"button\" aria-controls=\"elementor-tab-content-4441\" aria-expanded=\"false\">\n\t\t\t\t\t\t\t\t\t\t\t\t<span class=\"elementor-toggle-icon elementor-toggle-icon-left\" aria-hidden=\"true\">\n\t\t\t\t\t\t\t\t\t\t\t\t\t\t\t<span class=\"elementor-toggle-icon-closed\"><i class=\"fas fa-caret-square-down\"><\/i><\/span>\n\t\t\t\t\t\t\t\t<span class=\"elementor-toggle-icon-opened\"><i class=\"elementor-toggle-icon-opened far fa-caret-square-up\"><\/i><\/span>\n\t\t\t\t\t\t\t\t\t\t\t\t\t<\/span>\n\t\t\t\t\t\t\t\t\t\t\t\t<a class=\"elementor-toggle-title\" tabindex=\"0\">DESTINO<\/a>\n\t\t\t\t\t<\/h6>\n\n\t\t\t\t\t<div id=\"elementor-tab-content-4441\" class=\"elementor-tab-content elementor-clearfix\" data-tab=\"1\" role=\"region\" aria-labelledby=\"elementor-tab-title-4441\"><p data-start=\"148\" data-end=\"339\">A viagem do <em data-start=\"160\" data-end=\"176\">Latitude NEDF\u00b0<\/em> ir\u00e1 decorrer em <strong data-start=\"193\" data-end=\"209\">tr\u00eas cidades<\/strong>: Lyon, Grenoble e Genebra. A chegada ser\u00e1 feita a <strong data-start=\"260\" data-end=\"268\">Lyon<\/strong>, onde todo o grupo ficar\u00e1 alojado durante os quatro dias da atividade.<\/p><p data-start=\"341\" data-end=\"394\">Ao longo da viagem, ser\u00e3o realizadas desloca\u00e7\u00f5es a:<\/p><ul data-start=\"395\" data-end=\"565\"><li data-start=\"395\" data-end=\"479\"><p data-start=\"397\" data-end=\"479\"><strong data-start=\"397\" data-end=\"409\">Grenoble<\/strong>, para a visita ao <strong data-start=\"428\" data-end=\"436\">EMBL<\/strong> (European Molecular Biology Laboratory);<\/p><\/li><li data-start=\"480\" data-end=\"565\"><p data-start=\"482\" data-end=\"565\"><strong data-start=\"482\" data-end=\"493\">Genebra<\/strong>, para conhecer o <strong data-start=\"511\" data-end=\"519\">CERN<\/strong> (European Organization for Nuclear Research).<\/p><\/li><\/ul><p data-start=\"567\" data-end=\"812\">Para al\u00e9m das visitas pedag\u00f3gicas, os participantes ter\u00e3o tamb\u00e9m oportunidade de explorar cada cidade, conhecer a sua cultura, patrim\u00f3nio e ambiente acad\u00e9mico, tornando esta experi\u00eancia n\u00e3o s\u00f3 formativa, mas tamb\u00e9m enriquecedora a n\u00edvel pessoal.<br \/>Mais detalhes sobre o itiner\u00e1rio podem ser consultados no Regulamento da Atividade e pormenores relativamente aos roteiros v\u00e3o ser acertados com os participantes em reuni\u00f5es futuras.<\/p><\/div>\n\t\t\t\t<\/div>\n\t\t\t\t\t\t\t<div class=\"elementor-toggle-item\">\n\t\t\t\t\t<h6 id=\"elementor-tab-title-4442\" class=\"elementor-tab-title\" data-tab=\"2\" role=\"button\" aria-controls=\"elementor-tab-content-4442\" aria-expanded=\"false\">\n\t\t\t\t\t\t\t\t\t\t\t\t<span class=\"elementor-toggle-icon elementor-toggle-icon-left\" aria-hidden=\"true\">\n\t\t\t\t\t\t\t\t\t\t\t\t\t\t\t<span class=\"elementor-toggle-icon-closed\"><i class=\"fas fa-caret-square-down\"><\/i><\/span>\n\t\t\t\t\t\t\t\t<span class=\"elementor-toggle-icon-opened\"><i class=\"elementor-toggle-icon-opened far fa-caret-square-up\"><\/i><\/span>\n\t\t\t\t\t\t\t\t\t\t\t\t\t<\/span>\n\t\t\t\t\t\t\t\t\t\t\t\t<a class=\"elementor-toggle-title\" tabindex=\"0\">PRE\u00c7O<\/a>\n\t\t\t\t\t<\/h6>\n\n\t\t\t\t\t<div id=\"elementor-tab-content-4442\" class=\"elementor-tab-content elementor-clearfix\" data-tab=\"2\" role=\"region\" aria-labelledby=\"elementor-tab-title-4442\"><p data-start=\"87\" data-end=\"171\">O pre\u00e7o previso da viagem \u00e9 de <strong data-start=\"118\" data-end=\"143\">350\u20ac por participante<\/strong>.<br data-start=\"144\" data-end=\"147\" \/>Este valor <strong data-start=\"158\" data-end=\"168\">inclui<\/strong>:<\/p><ul data-start=\"172\" data-end=\"573\"><li data-start=\"172\" data-end=\"232\"><p data-start=\"174\" data-end=\"232\">Voos de ida e volta entre Portugal e o destino definido;<\/p><\/li><li data-start=\"233\" data-end=\"291\"><p data-start=\"235\" data-end=\"291\">Alojamento em <strong data-start=\"249\" data-end=\"257\">Lyon<\/strong>, durante <strong data-start=\"267\" data-end=\"288\">4 dias e 3 noites<\/strong>;<\/p><\/li><li data-start=\"292\" data-end=\"426\"><p data-start=\"294\" data-end=\"426\">Transportes locais e interurbanos necess\u00e1rios;<\/p><\/li><li data-start=\"427\" data-end=\"506\"><p data-start=\"429\" data-end=\"506\">Custos associados \u00e0s visitas \u00e0s institui\u00e7\u00f5es programadas, quando aplic\u00e1vel;<\/p><\/li><li data-start=\"507\" data-end=\"573\"><p data-start=\"509\" data-end=\"573\">Custos log\u00edsticos gerais inerentes \u00e0 organiza\u00e7\u00e3o da atividade.<\/p><\/li><\/ul><p data-start=\"575\" data-end=\"774\">O valor <strong data-start=\"583\" data-end=\"597\">n\u00e3o inclui<\/strong> refei\u00e7\u00f5es, desloca\u00e7\u00e3o at\u00e9 ao aeroporto em Portugal e respetivo regresso \u00e0 cidade de origem, nem despesas pessoais.<\/p><p data-start=\"776\" data-end=\"895\" data-is-last-node=\"\" data-is-only-node=\"\">O pagamento \u00e9 efetuado em <strong data-start=\"802\" data-end=\"818\">3 presta\u00e7\u00f5es<\/strong> e a <strong data-start=\"823\" data-end=\"894\">inscri\u00e7\u00e3o s\u00f3 \u00e9 considerada v\u00e1lida ap\u00f3s o pagamento da 1.\u00aa presta\u00e7\u00e3o<\/strong>.<\/p><\/div>\n\t\t\t\t<\/div>\n\t\t\t\t\t\t\t<div class=\"elementor-toggle-item\">\n\t\t\t\t\t<h6 id=\"elementor-tab-title-4443\" class=\"elementor-tab-title\" data-tab=\"3\" role=\"button\" aria-controls=\"elementor-tab-content-4443\" aria-expanded=\"false\">\n\t\t\t\t\t\t\t\t\t\t\t\t<span class=\"elementor-toggle-icon elementor-toggle-icon-left\" aria-hidden=\"true\">\n\t\t\t\t\t\t\t\t\t\t\t\t\t\t\t<span class=\"elementor-toggle-icon-closed\"><i class=\"fas fa-caret-square-down\"><\/i><\/span>\n\t\t\t\t\t\t\t\t<span class=\"elementor-toggle-icon-opened\"><i class=\"elementor-toggle-icon-opened far fa-caret-square-up\"><\/i><\/span>\n\t\t\t\t\t\t\t\t\t\t\t\t\t<\/span>\n\t\t\t\t\t\t\t\t\t\t\t\t<a class=\"elementor-toggle-title\" tabindex=\"0\">CONDI\u00c7\u00d5ES DE PARTICIPA\u00c7\u00c3O<\/a>\n\t\t\t\t\t<\/h6>\n\n\t\t\t\t\t<div id=\"elementor-tab-content-4443\" class=\"elementor-tab-content elementor-clearfix\" data-tab=\"3\" role=\"region\" aria-labelledby=\"elementor-tab-title-4443\"><p data-start=\"135\" data-end=\"339\">Para participar no Latitude NEDF\u00ba, os inscritos devem obrigatoriamente ser estudantes da Universidade de Coimbra, sendo que os estudantes do Departamento de F\u00edsica ter\u00e3o prioridade no processo.<\/p><p data-start=\"341\" data-end=\"707\">Al\u00e9m disso, cada participante \u00e9 respons\u00e1vel por garantir que possui toda a documenta\u00e7\u00e3o necess\u00e1ria para viajar, conforme especificado no Regulamento da Atividade. Entre os documentos obrigat\u00f3rios encontram-se identifica\u00e7\u00e3o v\u00e1lida e o Cart\u00e3o Europeu de Seguro de Doen\u00e7a, sendo tamb\u00e9m recomendada a prepara\u00e7\u00e3o de outros elementos log\u00edsticos mencionados no regulamento.<\/p><\/div>\n\t\t\t\t<\/div>\n\t\t\t\t\t\t\t\t<\/div>\n\t\t\t\t\t\t<\/div>\n\t\t\t\t<\/div>\n\t\t\t\t\t<\/div>\n\t\t<\/div>\n\t\t\t\t\t<\/div>\n\t\t<\/section>\n\t\t\t\t<section class=\"elementor-section elementor-top-section elementor-element elementor-element-0515cea elementor-section-boxed elementor-section-height-default elementor-section-height-default\" data-id=\"0515cea\" data-element_type=\"section\" data-e-type=\"section\">\n\t\t\t\t\t\t<div class=\"elementor-container elementor-column-gap-default\">\n\t\t\t\t\t<div class=\"elementor-column elementor-col-100 elementor-top-column elementor-element elementor-element-87765b5\" data-id=\"87765b5\" data-element_type=\"column\" data-e-type=\"column\">\n\t\t\t<div class=\"elementor-widget-wrap elementor-element-populated\">\n\t\t\t\t\t\t<div class=\"elementor-element elementor-element-c449709 elementor-widget elementor-widget-spacer\" data-id=\"c449709\" data-element_type=\"widget\" data-e-type=\"widget\" data-widget_type=\"spacer.default\">\n\t\t\t\t<div class=\"elementor-widget-container\">\n\t\t\t\t\t\t\t<div class=\"elementor-spacer\">\n\t\t\t<div class=\"elementor-spacer-inner\"><\/div>\n\t\t<\/div>\n\t\t\t\t\t\t<\/div>\n\t\t\t\t<\/div>\n\t\t\t\t<div class=\"elementor-element elementor-element-75f2ec1 elementor-widget elementor-widget-heading\" data-id=\"75f2ec1\" data-element_type=\"widget\" data-e-type=\"widget\" data-widget_type=\"heading.default\">\n\t\t\t\t<div class=\"elementor-widget-container\">\n\t\t\t\t\t<h2 class=\"elementor-heading-title elementor-size-default\">regulamento da atividade<\/h2>\t\t\t\t<\/div>\n\t\t\t\t<\/div>\n\t\t\t\t<div class=\"elementor-element elementor-element-4fb9377 elementor-widget elementor-widget-text-editor\" data-id=\"4fb9377\" data-element_type=\"widget\" data-e-type=\"widget\" data-widget_type=\"text-editor.default\">\n\t\t\t\t<div class=\"elementor-widget-container\">\n\t\t\t\t\t\t\t\t\t<p>O Regulamento Latitude NEDF\u00ba re\u00fane toda a informa\u00e7\u00e3o oficial sobre a atividade: valores, prazos de pagamento, crit\u00e9rios de participa\u00e7\u00e3o, documenta\u00e7\u00e3o obrigat\u00f3ria, seguros, responsabilidades dos participantes e procedimentos em caso de cancelamento ou altera\u00e7\u00f5es ao programa.<\/p><p><br data-start=\"278\" data-end=\"281\" \/>\u00c9 fundamental ler o regulamento na \u00edntegra antes de submeter a candidatura, para garantir que o participante est\u00e1 totalmente informado sobre as condi\u00e7\u00f5es da viagem e concorda com todas as normas estabelecidas.<\/p>\t\t\t\t\t\t\t\t<\/div>\n\t\t\t\t<\/div>\n\t\t\t\t<div class=\"elementor-element elementor-element-6323367 elementor-align-center elementor-widget elementor-widget-button\" data-id=\"6323367\" data-element_type=\"widget\" data-e-type=\"widget\" data-widget_type=\"button.default\">\n\t\t\t\t<div class=\"elementor-widget-container\">\n\t\t\t\t\t\t\t\t\t<div class=\"elementor-button-wrapper\">\n\t\t\t\t\t<a class=\"elementor-button elementor-button-link elementor-size-sm\" href=\"https:\/\/drive.google.com\/file\/d\/1PhBMLrT-nPEKeRkwRS1ldRSP5v4nf6zI\/view?usp=drive_link\" target=\"_blank\">\n\t\t\t\t\t\t<span class=\"elementor-button-content-wrapper\">\n\t\t\t\t\t\t<span class=\"elementor-button-icon\">\n\t\t\t\t<i aria-hidden=\"true\" class=\"far fa-file-pdf\"><\/i>\t\t\t<\/span>\n\t\t\t\t\t\t\t\t\t<span class=\"elementor-button-text\">Regulamento Latitude NEDF\u00ba<\/span>\n\t\t\t\t\t<\/span>\n\t\t\t\t\t<\/a>\n\t\t\t\t<\/div>\n\t\t\t\t\t\t\t\t<\/div>\n\t\t\t\t<\/div>\n\t\t\t\t<div class=\"elementor-element elementor-element-554baae elementor-widget elementor-widget-spacer\" data-id=\"554baae\" data-element_type=\"widget\" data-e-type=\"widget\" data-widget_type=\"spacer.default\">\n\t\t\t\t<div class=\"elementor-widget-container\">\n\t\t\t\t\t\t\t<div class=\"elementor-spacer\">\n\t\t\t<div class=\"elementor-spacer-inner\"><\/div>\n\t\t<\/div>\n\t\t\t\t\t\t<\/div>\n\t\t\t\t<\/div>\n\t\t\t\t\t<\/div>\n\t\t<\/div>\n\t\t\t\t\t<\/div>\n\t\t<\/section>\n\t\t\t\t<\/div>\n\t\t","protected":false},"excerpt":{"rendered":"<p>LATITUDE NEDF\u00ba VIAGEM INTERNACIONAL A Latitude NEDF\u00ba \u00e9 a iniciativa internacional do N\u00facleo de Estudantes do Departamento de F\u00edsica da AAC, organizada [&hellip;]<\/p>\n","protected":false},"author":1,"featured_media":0,"parent":0,"menu_order":0,"comment_status":"closed","ping_status":"closed","template":"elementor_header_footer","meta":{"_monsterinsights_skip_tracking":false,"_monsterinsights_sitenote_active":false,"_monsterinsights_sitenote_note":"","_monsterinsights_sitenote_category":0,"footnotes":""},"class_list":["post-3745","page","type-page","status-publish","hentry"],"_links":{"self":[{"href":"https:\/\/nedf.pt\/index.php\/wp-json\/wp\/v2\/pages\/3745","targetHints":{"allow":["GET"]}}],"collection":[{"href":"https:\/\/nedf.pt\/index.php\/wp-json\/wp\/v2\/pages"}],"about":[{"href":"https:\/\/nedf.pt\/index.php\/wp-json\/wp\/v2\/types\/page"}],"author":[{"embeddable":true,"href":"https:\/\/nedf.pt\/index.php\/wp-json\/wp\/v2\/users\/1"}],"replies":[{"embeddable":true,"href":"https:\/\/nedf.pt\/index.php\/wp-json\/wp\/v2\/comments?post=3745"}],"version-history":[{"count":49,"href":"https:\/\/nedf.pt\/index.php\/wp-json\/wp\/v2\/pages\/3745\/revisions"}],"predecessor-version":[{"id":4088,"href":"https:\/\/nedf.pt\/index.php\/wp-json\/wp\/v2\/pages\/3745\/revisions\/4088"}],"wp:attachment":[{"href":"https:\/\/nedf.pt\/index.php\/wp-json\/wp\/v2\/media?parent=3745"}],"curies":[{"name":"wp","href":"https:\/\/api.w.org\/{rel}","templated":true}]}}