{"id":4216,"date":"2026-01-23T17:51:09","date_gmt":"2026-01-23T17:51:09","guid":{"rendered":"https:\/\/nedf.pt\/?page_id=4216"},"modified":"2026-01-23T18:14:07","modified_gmt":"2026-01-23T18:14:07","slug":"podcast-pedagogia-e-gape","status":"publish","type":"page","link":"https:\/\/nedf.pt\/index.php\/podcast-pedagogia-e-gape\/","title":{"rendered":"Podcast Pedagogia e GAPE"},"content":{"rendered":"\t\t<div data-elementor-type=\"wp-page\" data-elementor-id=\"4216\" class=\"elementor elementor-4216\" data-elementor-post-type=\"page\">\n\t\t\t\t\t\t<section class=\"elementor-section elementor-top-section elementor-element elementor-element-e0a225d elementor-section-boxed elementor-section-height-default elementor-section-height-default\" data-id=\"e0a225d\" data-element_type=\"section\" data-e-type=\"section\">\n\t\t\t\t\t\t<div class=\"elementor-container elementor-column-gap-default\">\n\t\t\t\t\t<div class=\"elementor-column elementor-col-100 elementor-top-column elementor-element elementor-element-18ae9cf\" data-id=\"18ae9cf\" data-element_type=\"column\" data-e-type=\"column\">\n\t\t\t<div class=\"elementor-widget-wrap elementor-element-populated\">\n\t\t\t\t\t\t<div class=\"elementor-element elementor-element-07a3dcf elementor-widget elementor-widget-spacer\" data-id=\"07a3dcf\" data-element_type=\"widget\" data-e-type=\"widget\" data-widget_type=\"spacer.default\">\n\t\t\t\t<div class=\"elementor-widget-container\">\n\t\t\t\t\t\t\t<div class=\"elementor-spacer\">\n\t\t\t<div class=\"elementor-spacer-inner\"><\/div>\n\t\t<\/div>\n\t\t\t\t\t\t<\/div>\n\t\t\t\t<\/div>\n\t\t\t\t<div class=\"elementor-element elementor-element-e039896 elementor-widget elementor-widget-heading\" data-id=\"e039896\" data-element_type=\"widget\" data-e-type=\"widget\" data-widget_type=\"heading.default\">\n\t\t\t\t<div class=\"elementor-widget-container\">\n\t\t\t\t\t<h2 class=\"elementor-heading-title elementor-size-default\">Pedagogia e GAPE<\/h2>\t\t\t\t<\/div>\n\t\t\t\t<\/div>\n\t\t\t\t<div class=\"elementor-element elementor-element-2e4f876 elementor-widget elementor-widget-text-editor\" data-id=\"2e4f876\" data-element_type=\"widget\" data-e-type=\"widget\" data-widget_type=\"text-editor.default\">\n\t\t\t\t<div class=\"elementor-widget-container\">\n\t\t\t\t\t\t\t\t\t<p style=\"text-align: center;\">O pelouro de Pedagogia e GAPE apresenta as suas duas novas r\u00fabricas: um podcast dedicado ao tema do Burnout e Stress Acad\u00e9mico e as entrevistas aos funcion\u00e1rios do Departamento de F\u00edsica.<\/p>\t\t\t\t\t\t\t\t<\/div>\n\t\t\t\t<\/div>\n\t\t\t\t\t<\/div>\n\t\t<\/div>\n\t\t\t\t\t<\/div>\n\t\t<\/section>\n\t\t\t\t<section class=\"elementor-section elementor-top-section elementor-element elementor-element-9b036be elementor-section-boxed elementor-section-height-default elementor-section-height-default\" data-id=\"9b036be\" data-element_type=\"section\" data-e-type=\"section\">\n\t\t\t\t\t\t<div class=\"elementor-container elementor-column-gap-default\">\n\t\t\t\t\t<div class=\"elementor-column elementor-col-50 elementor-top-column elementor-element elementor-element-038a28d\" data-id=\"038a28d\" data-element_type=\"column\" data-e-type=\"column\">\n\t\t\t<div class=\"elementor-widget-wrap elementor-element-populated\">\n\t\t\t\t\t\t<div class=\"elementor-element elementor-element-d9cad51 elementor-widget elementor-widget-image\" data-id=\"d9cad51\" data-element_type=\"widget\" data-e-type=\"widget\" data-widget_type=\"image.default\">\n\t\t\t\t<div class=\"elementor-widget-container\">\n\t\t\t\t\t\t\t\t\t\t\t\t\t\t\t<img fetchpriority=\"high\" decoding=\"async\" width=\"300\" height=\"300\" src=\"https:\/\/nedf.pt\/wp-content\/uploads\/2026\/01\/Podcast-Capas-Spotify-7-300x300.jpg\" class=\"attachment-medium size-medium wp-image-4224\" alt=\"\" srcset=\"https:\/\/nedf.pt\/wp-content\/uploads\/2026\/01\/Podcast-Capas-Spotify-7-300x300.jpg 300w, https:\/\/nedf.pt\/wp-content\/uploads\/2026\/01\/Podcast-Capas-Spotify-7-1024x1024.jpg 1024w, https:\/\/nedf.pt\/wp-content\/uploads\/2026\/01\/Podcast-Capas-Spotify-7-150x150.jpg 150w, https:\/\/nedf.pt\/wp-content\/uploads\/2026\/01\/Podcast-Capas-Spotify-7-768x768.jpg 768w, https:\/\/nedf.pt\/wp-content\/uploads\/2026\/01\/Podcast-Capas-Spotify-7-1000x1000.jpg 1000w, https:\/\/nedf.pt\/wp-content\/uploads\/2026\/01\/Podcast-Capas-Spotify-7-230x230.jpg 230w, https:\/\/nedf.pt\/wp-content\/uploads\/2026\/01\/Podcast-Capas-Spotify-7-350x350.jpg 350w, https:\/\/nedf.pt\/wp-content\/uploads\/2026\/01\/Podcast-Capas-Spotify-7-480x480.jpg 480w, https:\/\/nedf.pt\/wp-content\/uploads\/2026\/01\/Podcast-Capas-Spotify-7.jpg 1400w\" sizes=\"(max-width: 300px) 100vw, 300px\" \/>\t\t\t\t\t\t\t\t\t\t\t\t\t\t\t<\/div>\n\t\t\t\t<\/div>\n\t\t\t\t\t<\/div>\n\t\t<\/div>\n\t\t\t\t<div class=\"elementor-column elementor-col-50 elementor-top-column elementor-element elementor-element-99041b6\" data-id=\"99041b6\" data-element_type=\"column\" data-e-type=\"column\">\n\t\t\t<div class=\"elementor-widget-wrap elementor-element-populated\">\n\t\t\t\t\t\t<div class=\"elementor-element elementor-element-ddb3e3f elementor-widget elementor-widget-text-editor\" data-id=\"ddb3e3f\" data-element_type=\"widget\" data-e-type=\"widget\" data-widget_type=\"text-editor.default\">\n\t\t\t\t<div class=\"elementor-widget-container\">\n\t\t\t\t\t\t\t\t\t<p>No primeiro epis\u00f3dio do podcast de Pedagogia e GAPE, dedicado ao <span data-start=\"301\" data-end=\"334\">burnout e ao stress acad\u00e9mico<\/span>, contamos com a participa\u00e7\u00e3o de <span data-start=\"367\" data-end=\"386\">Eduardo Pizarro<\/span>, estudante do 1.\u00ba ano do Mestrado em Psicologia Organizacional, e <span data-start=\"453\" data-end=\"475\">Francisca Cismeiro<\/span>, estudante do 2.\u00ba ano do mesmo mestrado.<br data-start=\"516\" data-end=\"519\" \/>Ao longo da conversa, refletimos sobre o equil\u00edbrio entre produtividade e sa\u00fade mental, a import\u00e2ncia das pausas e a necessidade de reconhecer sinais de exaust\u00e3o no percurso acad\u00e9mico.<\/p>\t\t\t\t\t\t\t\t<\/div>\n\t\t\t\t<\/div>\n\t\t\t\t<div class=\"elementor-element elementor-element-5f509fa elementor-align-center elementor-widget elementor-widget-button\" data-id=\"5f509fa\" data-element_type=\"widget\" data-e-type=\"widget\" data-widget_type=\"button.default\">\n\t\t\t\t<div class=\"elementor-widget-container\">\n\t\t\t\t\t\t\t\t\t<div class=\"elementor-button-wrapper\">\n\t\t\t\t\t<a class=\"elementor-button elementor-button-link elementor-size-sm\" href=\"https:\/\/open.spotify.com\/episode\/75WbcRmTncSacEEPUZteAT?si=1cc871d910df4bbe\" target=\"_blank\">\n\t\t\t\t\t\t<span class=\"elementor-button-content-wrapper\">\n\t\t\t\t\t\t<span class=\"elementor-button-icon\">\n\t\t\t\t<i aria-hidden=\"true\" class=\"fas fa-podcast\"><\/i>\t\t\t<\/span>\n\t\t\t\t\t\t\t\t\t<span class=\"elementor-button-text\">Epis\u00f3dio Completo<\/span>\n\t\t\t\t\t<\/span>\n\t\t\t\t\t<\/a>\n\t\t\t\t<\/div>\n\t\t\t\t\t\t\t\t<\/div>\n\t\t\t\t<\/div>\n\t\t\t\t\t<\/div>\n\t\t<\/div>\n\t\t\t\t\t<\/div>\n\t\t<\/section>\n\t\t\t\t<section class=\"elementor-section elementor-top-section elementor-element elementor-element-edc640b elementor-section-boxed elementor-section-height-default elementor-section-height-default\" data-id=\"edc640b\" data-element_type=\"section\" data-e-type=\"section\">\n\t\t\t\t\t\t<div class=\"elementor-container elementor-column-gap-default\">\n\t\t\t\t\t<div class=\"elementor-column elementor-col-100 elementor-top-column elementor-element elementor-element-785c8b9\" data-id=\"785c8b9\" data-element_type=\"column\" data-e-type=\"column\">\n\t\t\t<div class=\"elementor-widget-wrap elementor-element-populated\">\n\t\t\t\t\t\t<div class=\"elementor-element elementor-element-bedcfdf elementor-widget elementor-widget-spacer\" data-id=\"bedcfdf\" data-element_type=\"widget\" data-e-type=\"widget\" data-widget_type=\"spacer.default\">\n\t\t\t\t<div class=\"elementor-widget-container\">\n\t\t\t\t\t\t\t<div class=\"elementor-spacer\">\n\t\t\t<div class=\"elementor-spacer-inner\"><\/div>\n\t\t<\/div>\n\t\t\t\t\t\t<\/div>\n\t\t\t\t<\/div>\n\t\t\t\t\t<\/div>\n\t\t<\/div>\n\t\t\t\t\t<\/div>\n\t\t<\/section>\n\t\t\t\t<section class=\"elementor-section elementor-top-section elementor-element elementor-element-4ffc7ef elementor-section-boxed elementor-section-height-default elementor-section-height-default\" data-id=\"4ffc7ef\" data-element_type=\"section\" data-e-type=\"section\">\n\t\t\t\t\t\t<div class=\"elementor-container elementor-column-gap-default\">\n\t\t\t\t\t<div class=\"elementor-column elementor-col-50 elementor-top-column elementor-element elementor-element-b1f825c\" data-id=\"b1f825c\" data-element_type=\"column\" data-e-type=\"column\">\n\t\t\t<div class=\"elementor-widget-wrap elementor-element-populated\">\n\t\t\t\t\t\t<div class=\"elementor-element elementor-element-15b3b0f elementor-widget elementor-widget-image\" data-id=\"15b3b0f\" data-element_type=\"widget\" data-e-type=\"widget\" data-widget_type=\"image.default\">\n\t\t\t\t<div class=\"elementor-widget-container\">\n\t\t\t\t\t\t\t\t\t\t\t\t\t\t\t<img decoding=\"async\" width=\"286\" height=\"300\" src=\"https:\/\/nedf.pt\/wp-content\/uploads\/2026\/01\/Podcast-Capas-Reels-1-286x300.jpg\" class=\"attachment-medium size-medium wp-image-4225\" alt=\"\" srcset=\"https:\/\/nedf.pt\/wp-content\/uploads\/2026\/01\/Podcast-Capas-Reels-1-286x300.jpg 286w, https:\/\/nedf.pt\/wp-content\/uploads\/2026\/01\/Podcast-Capas-Reels-1-976x1024.jpg 976w, https:\/\/nedf.pt\/wp-content\/uploads\/2026\/01\/Podcast-Capas-Reels-1-768x806.jpg 768w, https:\/\/nedf.pt\/wp-content\/uploads\/2026\/01\/Podcast-Capas-Reels-1-1000x1049.jpg 1000w, https:\/\/nedf.pt\/wp-content\/uploads\/2026\/01\/Podcast-Capas-Reels-1-230x241.jpg 230w, https:\/\/nedf.pt\/wp-content\/uploads\/2026\/01\/Podcast-Capas-Reels-1-350x367.jpg 350w, https:\/\/nedf.pt\/wp-content\/uploads\/2026\/01\/Podcast-Capas-Reels-1-480x504.jpg 480w, https:\/\/nedf.pt\/wp-content\/uploads\/2026\/01\/Podcast-Capas-Reels-1.jpg 1080w\" sizes=\"(max-width: 286px) 100vw, 286px\" \/>\t\t\t\t\t\t\t\t\t\t\t\t\t\t\t<\/div>\n\t\t\t\t<\/div>\n\t\t\t\t\t<\/div>\n\t\t<\/div>\n\t\t\t\t<div class=\"elementor-column elementor-col-50 elementor-top-column elementor-element elementor-element-2b506e4\" data-id=\"2b506e4\" data-element_type=\"column\" data-e-type=\"column\">\n\t\t\t<div class=\"elementor-widget-wrap elementor-element-populated\">\n\t\t\t\t\t\t<div class=\"elementor-element elementor-element-4bfb0f3 elementor-widget elementor-widget-text-editor\" data-id=\"4bfb0f3\" data-element_type=\"widget\" data-e-type=\"widget\" data-widget_type=\"text-editor.default\">\n\t\t\t\t<div class=\"elementor-widget-container\">\n\t\t\t\t\t\t\t\t\t<p>Nesta entrevista, damos voz \u00e0 Dona Ad\u00e9lia, uma figura marcante do Departamento de F\u00edsica, cujo percurso acompanha gera\u00e7\u00f5es de estudantes.<br data-start=\"794\" data-end=\"797\" \/>Falamos do seu caminho, das mem\u00f3rias que guarda e do papel essencial que o seu trabalho desempenha na viv\u00eancia di\u00e1ria do departamento<\/p>\t\t\t\t\t\t\t\t<\/div>\n\t\t\t\t<\/div>\n\t\t\t\t<div class=\"elementor-element elementor-element-39d3e0a elementor-align-center elementor-widget elementor-widget-button\" data-id=\"39d3e0a\" data-element_type=\"widget\" data-e-type=\"widget\" data-widget_type=\"button.default\">\n\t\t\t\t<div class=\"elementor-widget-container\">\n\t\t\t\t\t\t\t\t\t<div class=\"elementor-button-wrapper\">\n\t\t\t\t\t<a class=\"elementor-button elementor-button-link elementor-size-sm\" href=\"https:\/\/www.instagram.com\/reel\/DTn6bSvjVss\/?utm_source=ig_web_copy_link&#038;igsh=MzRlODBiNWFlZA==\" target=\"_blank\">\n\t\t\t\t\t\t<span class=\"elementor-button-content-wrapper\">\n\t\t\t\t\t\t<span class=\"elementor-button-icon\">\n\t\t\t\t<i aria-hidden=\"true\" class=\"fas fa-microphone\"><\/i>\t\t\t<\/span>\n\t\t\t\t\t\t\t\t\t<span class=\"elementor-button-text\">Entrevista Completa<\/span>\n\t\t\t\t\t<\/span>\n\t\t\t\t\t<\/a>\n\t\t\t\t<\/div>\n\t\t\t\t\t\t\t\t<\/div>\n\t\t\t\t<\/div>\n\t\t\t\t\t<\/div>\n\t\t<\/div>\n\t\t\t\t\t<\/div>\n\t\t<\/section>\n\t\t\t\t<section class=\"elementor-section elementor-top-section elementor-element elementor-element-740c887 elementor-section-boxed elementor-section-height-default elementor-section-height-default\" data-id=\"740c887\" data-element_type=\"section\" data-e-type=\"section\">\n\t\t\t\t\t\t<div class=\"elementor-container elementor-column-gap-default\">\n\t\t\t\t\t<div class=\"elementor-column elementor-col-100 elementor-top-column elementor-element elementor-element-2724c25\" data-id=\"2724c25\" data-element_type=\"column\" data-e-type=\"column\">\n\t\t\t<div class=\"elementor-widget-wrap elementor-element-populated\">\n\t\t\t\t\t\t<div class=\"elementor-element elementor-element-04c4e37 elementor-widget elementor-widget-spacer\" data-id=\"04c4e37\" data-element_type=\"widget\" data-e-type=\"widget\" data-widget_type=\"spacer.default\">\n\t\t\t\t<div class=\"elementor-widget-container\">\n\t\t\t\t\t\t\t<div class=\"elementor-spacer\">\n\t\t\t<div class=\"elementor-spacer-inner\"><\/div>\n\t\t<\/div>\n\t\t\t\t\t\t<\/div>\n\t\t\t\t<\/div>\n\t\t\t\t\t<\/div>\n\t\t<\/div>\n\t\t\t\t\t<\/div>\n\t\t<\/section>\n\t\t\t\t<\/div>\n\t\t","protected":false},"excerpt":{"rendered":"<p>Pedagogia e GAPE O pelouro de Pedagogia e GAPE apresenta as suas duas novas r\u00fabricas: um podcast dedicado ao tema do Burnout [&hellip;]<\/p>\n","protected":false},"author":1,"featured_media":0,"parent":0,"menu_order":0,"comment_status":"closed","ping_status":"closed","template":"elementor_header_footer","meta":{"_monsterinsights_skip_tracking":false,"_monsterinsights_sitenote_active":false,"_monsterinsights_sitenote_note":"","_monsterinsights_sitenote_category":0,"footnotes":""},"class_list":["post-4216","page","type-page","status-publish","hentry"],"_links":{"self":[{"href":"https:\/\/nedf.pt\/index.php\/wp-json\/wp\/v2\/pages\/4216","targetHints":{"allow":["GET"]}}],"collection":[{"href":"https:\/\/nedf.pt\/index.php\/wp-json\/wp\/v2\/pages"}],"about":[{"href":"https:\/\/nedf.pt\/index.php\/wp-json\/wp\/v2\/types\/page"}],"author":[{"embeddable":true,"href":"https:\/\/nedf.pt\/index.php\/wp-json\/wp\/v2\/users\/1"}],"replies":[{"embeddable":true,"href":"https:\/\/nedf.pt\/index.php\/wp-json\/wp\/v2\/comments?post=4216"}],"version-history":[{"count":10,"href":"https:\/\/nedf.pt\/index.php\/wp-json\/wp\/v2\/pages\/4216\/revisions"}],"predecessor-version":[{"id":4234,"href":"https:\/\/nedf.pt\/index.php\/wp-json\/wp\/v2\/pages\/4216\/revisions\/4234"}],"wp:attachment":[{"href":"https:\/\/nedf.pt\/index.php\/wp-json\/wp\/v2\/media?parent=4216"}],"curies":[{"name":"wp","href":"https:\/\/api.w.org\/{rel}","templated":true}]}}